{"id":2758,"date":"2025-06-11T23:22:53","date_gmt":"2025-06-11T21:22:53","guid":{"rendered":"https:\/\/baobaby.eu\/o-nama\/"},"modified":"2025-06-18T14:31:08","modified_gmt":"2025-06-18T12:31:08","slug":"about-us","status":"publish","type":"page","link":"https:\/\/baobaby.eu\/en\/about-us\/","title":{"rendered":"About us"},"content":{"rendered":"\n<h2 class=\"wp-block-heading\">The safe embrace of a free childhood<\/h2>\n\n\n\n<p>Parents feel best when holding their child in a safe embrace. However, babies grow quickly and want to explore the world. The role of a parent is to create a safe environment and nurture a bond that will always help the child feel secure and confident on their own two feet.<\/p>\n\n\n\n<p>Baobaby provides families with natural products whose benefits can be felt every day. We promote an active lifestyle and aim to give children the freedom to move, nurture their creativity, and stimulate their senses. Our greatest reward is the satisfaction of our customers. When parents tell us that their children enjoy Baobaby, we know we\u2019ve done our job well.<\/p>\n\n\n<div class=\"wp-block-image\">\n<figure class=\"aligncenter size-large is-resized\"><img loading=\"lazy\" decoding=\"async\" width=\"1024\" height=\"1024\" src=\"https:\/\/baobaby.eu\/wp-content\/uploads\/2025\/06\/logo_baobaby-11-1024x1024.png\" alt=\"\" class=\"wp-image-1799\" style=\"object-fit:cover;width:300px;height:300px\" srcset=\"https:\/\/baobaby.eu\/wp-content\/uploads\/2025\/06\/logo_baobaby-11-1024x1024.png 1024w, https:\/\/baobaby.eu\/wp-content\/uploads\/2025\/06\/logo_baobaby-11-324x324.png 324w, https:\/\/baobaby.eu\/wp-content\/uploads\/2025\/06\/logo_baobaby-11-100x100.png 100w, https:\/\/baobaby.eu\/wp-content\/uploads\/2025\/06\/logo_baobaby-11-1200x1200.png 1200w, https:\/\/baobaby.eu\/wp-content\/uploads\/2025\/06\/logo_baobaby-11-300x300.png 300w, https:\/\/baobaby.eu\/wp-content\/uploads\/2025\/06\/logo_baobaby-11-150x150.png 150w, https:\/\/baobaby.eu\/wp-content\/uploads\/2025\/06\/logo_baobaby-11-768x768.png 768w, https:\/\/baobaby.eu\/wp-content\/uploads\/2025\/06\/logo_baobaby-11-1536x1536.png 1536w, https:\/\/baobaby.eu\/wp-content\/uploads\/2025\/06\/logo_baobaby-11-1440x1440.png 1440w, https:\/\/baobaby.eu\/wp-content\/uploads\/2025\/06\/logo_baobaby-11-420x420.png 420w, https:\/\/baobaby.eu\/wp-content\/uploads\/2025\/06\/logo_baobaby-11-50x50.png 50w, https:\/\/baobaby.eu\/wp-content\/uploads\/2025\/06\/logo_baobaby-11.png 1668w\" sizes=\"auto, (max-width: 1024px) 100vw, 1024px\" \/><\/figure>\n<\/div>\n\n\n<p>With Baobaby products, you are choosing gentle natural materials, premium vegetable-tanned leather free of chrome \u2014 safe for both your skin and your child\u2019s, and environmentally friendly. Our products are soft, tailored to your child\u2019s needs, allow for free movement, and provide the right support.<\/p>\n\n\n<div class=\"wp-block-image\">\n<figure class=\"aligncenter size-large\"><img loading=\"lazy\" decoding=\"async\" width=\"1024\" height=\"1024\" src=\"https:\/\/baobaby.eu\/wp-content\/uploads\/2025\/06\/baobay-clothing-baobaby-1024x1024.jpg\" alt=\"\" class=\"wp-image-1806\" srcset=\"https:\/\/baobaby.eu\/wp-content\/uploads\/2025\/06\/baobay-clothing-baobaby-1024x1024.jpg 1024w, https:\/\/baobaby.eu\/wp-content\/uploads\/2025\/06\/baobay-clothing-baobaby-324x324.jpg 324w, https:\/\/baobaby.eu\/wp-content\/uploads\/2025\/06\/baobay-clothing-baobaby-100x100.jpg 100w, https:\/\/baobaby.eu\/wp-content\/uploads\/2025\/06\/baobay-clothing-baobaby-1200x1200.jpg 1200w, https:\/\/baobaby.eu\/wp-content\/uploads\/2025\/06\/baobay-clothing-baobaby-300x300.jpg 300w, https:\/\/baobaby.eu\/wp-content\/uploads\/2025\/06\/baobay-clothing-baobaby-150x150.jpg 150w, https:\/\/baobaby.eu\/wp-content\/uploads\/2025\/06\/baobay-clothing-baobaby-768x768.jpg 768w, https:\/\/baobaby.eu\/wp-content\/uploads\/2025\/06\/baobay-clothing-baobaby-1536x1536.jpg 1536w, https:\/\/baobaby.eu\/wp-content\/uploads\/2025\/06\/baobay-clothing-baobaby-1440x1440.jpg 1440w, https:\/\/baobaby.eu\/wp-content\/uploads\/2025\/06\/baobay-clothing-baobaby-420x420.jpg 420w, https:\/\/baobaby.eu\/wp-content\/uploads\/2025\/06\/baobay-clothing-baobaby-50x50.jpg 50w, https:\/\/baobaby.eu\/wp-content\/uploads\/2025\/06\/baobay-clothing-baobaby.jpg 1700w\" sizes=\"auto, (max-width: 1024px) 100vw, 1024px\" \/><\/figure>\n<\/div>\n\n\n<p><\/p>\n\n\n\n<figure class=\"wp-block-gallery aligncenter has-nested-images columns-2 is-cropped gallery-half margin-top wp-block-gallery-1 is-layout-flex wp-block-gallery-is-layout-flex\">\n<figure class=\"wp-block-image size-full\"><img loading=\"lazy\" decoding=\"async\" width=\"251\" height=\"251\" data-id=\"2767\" src=\"https:\/\/baobaby.eu\/wp-content\/uploads\/2025\/06\/ikone-baobaby-04-1.png\" alt=\"\" class=\"wp-image-2767\" srcset=\"https:\/\/baobaby.eu\/wp-content\/uploads\/2025\/06\/ikone-baobaby-04-1.png 251w, https:\/\/baobaby.eu\/wp-content\/uploads\/2025\/06\/ikone-baobaby-04-1-100x100.png 100w, https:\/\/baobaby.eu\/wp-content\/uploads\/2025\/06\/ikone-baobaby-04-1-150x150.png 150w, https:\/\/baobaby.eu\/wp-content\/uploads\/2025\/06\/ikone-baobaby-04-1-50x50.png 50w\" sizes=\"auto, (max-width: 251px) 100vw, 251px\" \/><\/figure>\n\n\n\n<figure class=\"wp-block-image size-full\"><img loading=\"lazy\" decoding=\"async\" width=\"251\" height=\"251\" data-id=\"2779\" src=\"https:\/\/baobaby.eu\/wp-content\/uploads\/2025\/06\/ikone-baobaby-06-1.png\" alt=\"\" class=\"wp-image-2779\" srcset=\"https:\/\/baobaby.eu\/wp-content\/uploads\/2025\/06\/ikone-baobaby-06-1.png 251w, https:\/\/baobaby.eu\/wp-content\/uploads\/2025\/06\/ikone-baobaby-06-1-100x100.png 100w, https:\/\/baobaby.eu\/wp-content\/uploads\/2025\/06\/ikone-baobaby-06-1-150x150.png 150w, https:\/\/baobaby.eu\/wp-content\/uploads\/2025\/06\/ikone-baobaby-06-1-50x50.png 50w\" sizes=\"auto, (max-width: 251px) 100vw, 251px\" \/><\/figure>\n<\/figure>\n\n\n\n<p>We believe in local production and aim to reduce our transportation footprint \u2014 that\u2019s why our products are made in Croatia, EU, where we are based.<\/p>\n\n\n\n<figure class=\"wp-block-gallery aligncenter has-nested-images columns-2 is-cropped gallery-half margin-top wp-block-gallery-2 is-layout-flex wp-block-gallery-is-layout-flex\">\n<figure class=\"wp-block-image size-full\"><img loading=\"lazy\" decoding=\"async\" width=\"251\" height=\"251\" data-id=\"2776\" src=\"https:\/\/baobaby.eu\/wp-content\/uploads\/2025\/06\/ikone-baobaby-01-1.png\" alt=\"\" class=\"wp-image-2776\" srcset=\"https:\/\/baobaby.eu\/wp-content\/uploads\/2025\/06\/ikone-baobaby-01-1.png 251w, https:\/\/baobaby.eu\/wp-content\/uploads\/2025\/06\/ikone-baobaby-01-1-100x100.png 100w, https:\/\/baobaby.eu\/wp-content\/uploads\/2025\/06\/ikone-baobaby-01-1-150x150.png 150w, https:\/\/baobaby.eu\/wp-content\/uploads\/2025\/06\/ikone-baobaby-01-1-50x50.png 50w\" sizes=\"auto, (max-width: 251px) 100vw, 251px\" \/><\/figure>\n\n\n\n<figure class=\"wp-block-image size-full\"><img loading=\"lazy\" decoding=\"async\" width=\"251\" height=\"251\" data-id=\"2773\" src=\"https:\/\/baobaby.eu\/wp-content\/uploads\/2025\/06\/ikone-baobaby-02-1.png\" alt=\"\" class=\"wp-image-2773\" srcset=\"https:\/\/baobaby.eu\/wp-content\/uploads\/2025\/06\/ikone-baobaby-02-1.png 251w, https:\/\/baobaby.eu\/wp-content\/uploads\/2025\/06\/ikone-baobaby-02-1-100x100.png 100w, https:\/\/baobaby.eu\/wp-content\/uploads\/2025\/06\/ikone-baobaby-02-1-150x150.png 150w, https:\/\/baobaby.eu\/wp-content\/uploads\/2025\/06\/ikone-baobaby-02-1-50x50.png 50w\" sizes=\"auto, (max-width: 251px) 100vw, 251px\" \/><\/figure>\n<\/figure>\n\n\n\n<p>Baobaby is proud to join companies that use natural and environmentally friendly materials and produce high-quality, durable products that children can use and wear for a long time.<\/p>\n\n\n\n<figure class=\"wp-block-gallery aligncenter has-nested-images columns-2 is-cropped gallery-half margin-top wp-block-gallery-3 is-layout-flex wp-block-gallery-is-layout-flex\">\n<figure class=\"wp-block-image size-full\"><img loading=\"lazy\" decoding=\"async\" width=\"251\" height=\"251\" data-id=\"2764\" src=\"https:\/\/baobaby.eu\/wp-content\/uploads\/2025\/06\/ikone-baobaby-05-1.png\" alt=\"\" class=\"wp-image-2764\" srcset=\"https:\/\/baobaby.eu\/wp-content\/uploads\/2025\/06\/ikone-baobaby-05-1.png 251w, https:\/\/baobaby.eu\/wp-content\/uploads\/2025\/06\/ikone-baobaby-05-1-100x100.png 100w, https:\/\/baobaby.eu\/wp-content\/uploads\/2025\/06\/ikone-baobaby-05-1-150x150.png 150w, https:\/\/baobaby.eu\/wp-content\/uploads\/2025\/06\/ikone-baobaby-05-1-50x50.png 50w\" sizes=\"auto, (max-width: 251px) 100vw, 251px\" \/><\/figure>\n\n\n\n<figure class=\"wp-block-image size-full\"><img loading=\"lazy\" decoding=\"async\" width=\"251\" height=\"251\" data-id=\"2770\" src=\"https:\/\/baobaby.eu\/wp-content\/uploads\/2025\/06\/ikone-baobaby-03-1.png\" alt=\"\" class=\"wp-image-2770\" srcset=\"https:\/\/baobaby.eu\/wp-content\/uploads\/2025\/06\/ikone-baobaby-03-1.png 251w, https:\/\/baobaby.eu\/wp-content\/uploads\/2025\/06\/ikone-baobaby-03-1-100x100.png 100w, https:\/\/baobaby.eu\/wp-content\/uploads\/2025\/06\/ikone-baobaby-03-1-150x150.png 150w, https:\/\/baobaby.eu\/wp-content\/uploads\/2025\/06\/ikone-baobaby-03-1-50x50.png 50w\" sizes=\"auto, (max-width: 251px) 100vw, 251px\" \/><\/figure>\n<\/figure>\n\n\n\n<p>Nature is our main source of inspiration. We love incorporating elements from nature and small messages of love and kindness into our designs. Above all, we love our work the most when children enjoy our products.<\/p>\n\n\n\n<p><\/p>\n","protected":false},"excerpt":{"rendered":"<p>The safe embrace of a free childhood Parents feel best when holding their child in a safe embrace. However, babies grow quickly and want to explore the world. The role [&hellip;]<\/p>\n","protected":false},"author":1,"featured_media":0,"parent":0,"menu_order":0,"comment_status":"closed","ping_status":"closed","template":"templates\/page-landing.php","meta":{"_acf_changed":false,"footnotes":""},"class_list":["post-2758","page","type-page","status-publish","hentry"],"acf":[],"yoast_head":"<!-- This site is optimized with the Yoast SEO Premium plugin v21.5 (Yoast SEO v27.4) - https:\/\/yoast.com\/product\/yoast-seo-premium-wordpress\/ -->\n<title>About us - Baobaby<\/title>\n<meta name=\"robots\" content=\"index, follow, max-snippet:-1, max-image-preview:large, max-video-preview:-1\" \/>\n<link rel=\"canonical\" href=\"https:\/\/baobaby.eu\/en\/about-us\/\" \/>\n<meta property=\"og:locale\" content=\"en_US\" \/>\n<meta property=\"og:type\" content=\"article\" \/>\n<meta property=\"og:title\" content=\"About us\" \/>\n<meta property=\"og:description\" content=\"The safe embrace of a free childhood Parents feel best when holding their child in a safe embrace. However, babies grow quickly and want to explore the world. The role [&hellip;]\" \/>\n<meta property=\"og:url\" content=\"https:\/\/baobaby.eu\/en\/about-us\/\" \/>\n<meta property=\"og:site_name\" content=\"Baobaby\" \/>\n<meta property=\"article:modified_time\" content=\"2025-06-18T12:31:08+00:00\" \/>\n<meta property=\"og:image\" content=\"https:\/\/baobaby.eu\/wp-content\/uploads\/2025\/06\/logo_baobaby-11.png\" \/>\n\t<meta property=\"og:image:width\" content=\"1668\" \/>\n\t<meta property=\"og:image:height\" content=\"1668\" \/>\n\t<meta property=\"og:image:type\" content=\"image\/png\" \/>\n<meta name=\"twitter:card\" content=\"summary_large_image\" \/>\n<meta name=\"twitter:label1\" content=\"Est. reading time\" \/>\n\t<meta name=\"twitter:data1\" content=\"3 minutes\" \/>\n<script type=\"application\/ld+json\" class=\"yoast-schema-graph\">{\"@context\":\"https:\\\/\\\/schema.org\",\"@graph\":[{\"@type\":\"WebPage\",\"@id\":\"https:\\\/\\\/baobaby.eu\\\/en\\\/about-us\\\/\",\"url\":\"https:\\\/\\\/baobaby.eu\\\/en\\\/about-us\\\/\",\"name\":\"About us - Baobaby\",\"isPartOf\":{\"@id\":\"https:\\\/\\\/baobaby.eu\\\/en\\\/#website\"},\"primaryImageOfPage\":{\"@id\":\"https:\\\/\\\/baobaby.eu\\\/en\\\/about-us\\\/#primaryimage\"},\"image\":{\"@id\":\"https:\\\/\\\/baobaby.eu\\\/en\\\/about-us\\\/#primaryimage\"},\"thumbnailUrl\":\"https:\\\/\\\/baobaby.eu\\\/wp-content\\\/uploads\\\/2025\\\/06\\\/logo_baobaby-11-1024x1024.png\",\"datePublished\":\"2025-06-11T21:22:53+00:00\",\"dateModified\":\"2025-06-18T12:31:08+00:00\",\"breadcrumb\":{\"@id\":\"https:\\\/\\\/baobaby.eu\\\/en\\\/about-us\\\/#breadcrumb\"},\"inLanguage\":\"en-US\",\"potentialAction\":[{\"@type\":\"ReadAction\",\"target\":[\"https:\\\/\\\/baobaby.eu\\\/en\\\/about-us\\\/\"]}]},{\"@type\":\"ImageObject\",\"inLanguage\":\"en-US\",\"@id\":\"https:\\\/\\\/baobaby.eu\\\/en\\\/about-us\\\/#primaryimage\",\"url\":\"https:\\\/\\\/baobaby.eu\\\/wp-content\\\/uploads\\\/2025\\\/06\\\/logo_baobaby-11-1024x1024.png\",\"contentUrl\":\"https:\\\/\\\/baobaby.eu\\\/wp-content\\\/uploads\\\/2025\\\/06\\\/logo_baobaby-11-1024x1024.png\"},{\"@type\":\"BreadcrumbList\",\"@id\":\"https:\\\/\\\/baobaby.eu\\\/en\\\/about-us\\\/#breadcrumb\",\"itemListElement\":[{\"@type\":\"ListItem\",\"position\":1,\"name\":\"Po\u010detna stranica\",\"item\":\"https:\\\/\\\/baobaby.eu\\\/en\\\/\"},{\"@type\":\"ListItem\",\"position\":2,\"name\":\"About us\"}]},{\"@type\":\"WebSite\",\"@id\":\"https:\\\/\\\/baobaby.eu\\\/en\\\/#website\",\"url\":\"https:\\\/\\\/baobaby.eu\\\/en\\\/\",\"name\":\"Baobaby\",\"description\":\"Ru\u010dno izra\u0111ena obu\u0107a za bebe i djecu\",\"publisher\":{\"@id\":\"https:\\\/\\\/baobaby.eu\\\/en\\\/#organization\"},\"potentialAction\":[{\"@type\":\"SearchAction\",\"target\":{\"@type\":\"EntryPoint\",\"urlTemplate\":\"https:\\\/\\\/baobaby.eu\\\/en\\\/?s={search_term_string}\"},\"query-input\":{\"@type\":\"PropertyValueSpecification\",\"valueRequired\":true,\"valueName\":\"search_term_string\"}}],\"inLanguage\":\"en-US\"},{\"@type\":\"Organization\",\"@id\":\"https:\\\/\\\/baobaby.eu\\\/en\\\/#organization\",\"name\":\"Baobaby\",\"url\":\"https:\\\/\\\/baobaby.eu\\\/en\\\/\",\"logo\":{\"@type\":\"ImageObject\",\"inLanguage\":\"en-US\",\"@id\":\"https:\\\/\\\/baobaby.eu\\\/en\\\/#\\\/schema\\\/logo\\\/image\\\/\",\"url\":\"https:\\\/\\\/baobaby.eu\\\/wp-content\\\/uploads\\\/2025\\\/06\\\/logo_baobaby-x-1.png\",\"contentUrl\":\"https:\\\/\\\/baobaby.eu\\\/wp-content\\\/uploads\\\/2025\\\/06\\\/logo_baobaby-x-1.png\",\"width\":501,\"height\":152,\"caption\":\"Baobaby\"},\"image\":{\"@id\":\"https:\\\/\\\/baobaby.eu\\\/en\\\/#\\\/schema\\\/logo\\\/image\\\/\"}}]}<\/script>\n<!-- \/ Yoast SEO Premium plugin. -->","yoast_head_json":{"title":"About us - Baobaby","robots":{"index":"index","follow":"follow","max-snippet":"max-snippet:-1","max-image-preview":"max-image-preview:large","max-video-preview":"max-video-preview:-1"},"canonical":"https:\/\/baobaby.eu\/en\/about-us\/","og_locale":"en_US","og_type":"article","og_title":"About us","og_description":"The safe embrace of a free childhood Parents feel best when holding their child in a safe embrace. However, babies grow quickly and want to explore the world. The role [&hellip;]","og_url":"https:\/\/baobaby.eu\/en\/about-us\/","og_site_name":"Baobaby","article_modified_time":"2025-06-18T12:31:08+00:00","og_image":[{"width":1668,"height":1668,"url":"https:\/\/baobaby.eu\/wp-content\/uploads\/2025\/06\/logo_baobaby-11.png","type":"image\/png"}],"twitter_card":"summary_large_image","twitter_misc":{"Est. reading time":"3 minutes"},"schema":{"@context":"https:\/\/schema.org","@graph":[{"@type":"WebPage","@id":"https:\/\/baobaby.eu\/en\/about-us\/","url":"https:\/\/baobaby.eu\/en\/about-us\/","name":"About us - Baobaby","isPartOf":{"@id":"https:\/\/baobaby.eu\/en\/#website"},"primaryImageOfPage":{"@id":"https:\/\/baobaby.eu\/en\/about-us\/#primaryimage"},"image":{"@id":"https:\/\/baobaby.eu\/en\/about-us\/#primaryimage"},"thumbnailUrl":"https:\/\/baobaby.eu\/wp-content\/uploads\/2025\/06\/logo_baobaby-11-1024x1024.png","datePublished":"2025-06-11T21:22:53+00:00","dateModified":"2025-06-18T12:31:08+00:00","breadcrumb":{"@id":"https:\/\/baobaby.eu\/en\/about-us\/#breadcrumb"},"inLanguage":"en-US","potentialAction":[{"@type":"ReadAction","target":["https:\/\/baobaby.eu\/en\/about-us\/"]}]},{"@type":"ImageObject","inLanguage":"en-US","@id":"https:\/\/baobaby.eu\/en\/about-us\/#primaryimage","url":"https:\/\/baobaby.eu\/wp-content\/uploads\/2025\/06\/logo_baobaby-11-1024x1024.png","contentUrl":"https:\/\/baobaby.eu\/wp-content\/uploads\/2025\/06\/logo_baobaby-11-1024x1024.png"},{"@type":"BreadcrumbList","@id":"https:\/\/baobaby.eu\/en\/about-us\/#breadcrumb","itemListElement":[{"@type":"ListItem","position":1,"name":"Po\u010detna stranica","item":"https:\/\/baobaby.eu\/en\/"},{"@type":"ListItem","position":2,"name":"About us"}]},{"@type":"WebSite","@id":"https:\/\/baobaby.eu\/en\/#website","url":"https:\/\/baobaby.eu\/en\/","name":"Baobaby","description":"Ru\u010dno izra\u0111ena obu\u0107a za bebe i djecu","publisher":{"@id":"https:\/\/baobaby.eu\/en\/#organization"},"potentialAction":[{"@type":"SearchAction","target":{"@type":"EntryPoint","urlTemplate":"https:\/\/baobaby.eu\/en\/?s={search_term_string}"},"query-input":{"@type":"PropertyValueSpecification","valueRequired":true,"valueName":"search_term_string"}}],"inLanguage":"en-US"},{"@type":"Organization","@id":"https:\/\/baobaby.eu\/en\/#organization","name":"Baobaby","url":"https:\/\/baobaby.eu\/en\/","logo":{"@type":"ImageObject","inLanguage":"en-US","@id":"https:\/\/baobaby.eu\/en\/#\/schema\/logo\/image\/","url":"https:\/\/baobaby.eu\/wp-content\/uploads\/2025\/06\/logo_baobaby-x-1.png","contentUrl":"https:\/\/baobaby.eu\/wp-content\/uploads\/2025\/06\/logo_baobaby-x-1.png","width":501,"height":152,"caption":"Baobaby"},"image":{"@id":"https:\/\/baobaby.eu\/en\/#\/schema\/logo\/image\/"}}]}},"_links":{"self":[{"href":"https:\/\/baobaby.eu\/en\/wp-json\/wp\/v2\/pages\/2758","targetHints":{"allow":["GET"]}}],"collection":[{"href":"https:\/\/baobaby.eu\/en\/wp-json\/wp\/v2\/pages"}],"about":[{"href":"https:\/\/baobaby.eu\/en\/wp-json\/wp\/v2\/types\/page"}],"author":[{"embeddable":true,"href":"https:\/\/baobaby.eu\/en\/wp-json\/wp\/v2\/users\/1"}],"replies":[{"embeddable":true,"href":"https:\/\/baobaby.eu\/en\/wp-json\/wp\/v2\/comments?post=2758"}],"version-history":[{"count":0,"href":"https:\/\/baobaby.eu\/en\/wp-json\/wp\/v2\/pages\/2758\/revisions"}],"wp:attachment":[{"href":"https:\/\/baobaby.eu\/en\/wp-json\/wp\/v2\/media?parent=2758"}],"curies":[{"name":"wp","href":"https:\/\/api.w.org\/{rel}","templated":true}]}}