{"id":6369,"date":"2025-06-14T13:20:02","date_gmt":"2025-06-14T11:20:02","guid":{"rendered":"https:\/\/baobaby.eu\/delivery\/"},"modified":"2025-10-03T09:20:24","modified_gmt":"2025-10-03T07:20:24","slug":"delivery","status":"publish","type":"page","link":"https:\/\/baobaby.eu\/en\/delivery\/","title":{"rendered":"Delivery"},"content":{"rendered":"\n<p>Shipments are always sent by delivery service, personal pickup is not possible.<br\/> The shipping price is not included in the product price and is separately stated in the online purchase process.<\/p>\n\n<p>The delivery cost is calculated as a fixed amount regardless of the quantity of products ordered.<\/p>\n\n<p>Countries to which delivery is possible and delivery price per order:<\/p>\n\n<figure class=\"wp-block-table\"><table class=\"has-fixed-layout\"><thead><tr><th>Location<\/th><th>Price (HRK)<\/th><th>Price (EUR)<\/th><\/tr><\/thead><tbody><tr><td>Croatia(HR)<\/td><td>30,14<\/td><td>4,00<\/td><\/tr><tr><td>Slovenia(SI)<\/td><td>37,67<\/td><td>5,00<\/td><\/tr><tr><td>Austria (AT), Bulgaria (BG), Czech Republic (CZ), Germany (DE), Slovakia (SK)<\/td><td>75,35<\/td><td>10,00<\/td><\/tr><tr><td>Belgium (BE), Denmark (DK), Estonia (EE), France (FR), Spain (ES), Greece (GR), Ireland (IE), Latvia (LV), Lithuania (LT), Luxembourg (LU), Netherlands (NL), Poland (PL), Romania (RO), Sweden (SE)<\/td><td>113,02<\/td><td>15,00<\/td><\/tr><\/tbody><tfoot><tr><td>Location<\/td><td>Price (HRK)<\/td><td>Price (EUR)<\/td><\/tr><\/tfoot><\/table><\/figure>\n\n<p>After receiving your order, it takes 1 to 2 business days for the goods to be sent from our warehouse for delivery.<\/p>\n\n<p>Approximate delivery times from the moment the shipment is handed over for delivery:<\/p>\n\n<ul class=\"wp-block-list\">\n<li>Croatia: 1 to 5 business days<\/li>\n\n\n\n<li>Slovenia: 1 to 2 business days<\/li>\n\n\n\n<li>Hungary: 1 to 3 business days<\/li>\n\n\n\n<li>Austria, Czech Republic, Slovakia, Germany, Luxembourg, Netherlands, Poland, Romania: 4 to 5 business days<\/li>\n\n\n\n<li>Bulgaria, Spain, Belgium, Denmark, Estonia, France, Ireland, Latvia, Lithuania, Sweden: 6 to 7 business days<\/li>\n\n\n\n<li>Greece: 7 to 8 business days<\/li>\n<\/ul>\n\n<p>When picking up the shipment, be sure to check that it is in good condition and undamaged. In the event that the shipment is damaged, we advise you to report this to the delivery person and possibly refuse to receive the shipment, because compensation for the damage is much easier to achieve with a timely reaction.<\/p>\n","protected":false},"excerpt":{"rendered":"<p>Shipments are always sent by delivery service, personal pickup is not possible. The shipping price is not included in the product price and is separately stated in the online purchase [&hellip;]<\/p>\n","protected":false},"author":1,"featured_media":0,"parent":0,"menu_order":0,"comment_status":"closed","ping_status":"closed","template":"templates\/page-landing.php","meta":{"_acf_changed":false,"footnotes":""},"class_list":["post-6369","page","type-page","status-publish","hentry"],"acf":[],"yoast_head":"<!-- This site is optimized with the Yoast SEO Premium plugin v21.5 (Yoast SEO v27.4) - https:\/\/yoast.com\/product\/yoast-seo-premium-wordpress\/ -->\n<title>Delivery - Baobaby<\/title>\n<meta name=\"robots\" content=\"index, follow, max-snippet:-1, max-image-preview:large, max-video-preview:-1\" \/>\n<link rel=\"canonical\" href=\"https:\/\/baobaby.eu\/en\/delivery\/\" \/>\n<meta property=\"og:locale\" content=\"en_US\" \/>\n<meta property=\"og:type\" content=\"article\" \/>\n<meta property=\"og:title\" content=\"Delivery\" \/>\n<meta property=\"og:description\" content=\"Shipments are always sent by delivery service, personal pickup is not possible. The shipping price is not included in the product price and is separately stated in the online purchase [&hellip;]\" \/>\n<meta property=\"og:url\" content=\"https:\/\/baobaby.eu\/en\/delivery\/\" \/>\n<meta property=\"og:site_name\" content=\"Baobaby\" \/>\n<meta property=\"article:modified_time\" content=\"2025-10-03T07:20:24+00:00\" \/>\n<meta name=\"twitter:card\" content=\"summary_large_image\" \/>\n<meta name=\"twitter:label1\" content=\"Est. reading time\" \/>\n\t<meta name=\"twitter:data1\" content=\"1 minute\" \/>\n<script type=\"application\/ld+json\" class=\"yoast-schema-graph\">{\"@context\":\"https:\\\/\\\/schema.org\",\"@graph\":[{\"@type\":\"WebPage\",\"@id\":\"https:\\\/\\\/baobaby.eu\\\/en\\\/delivery\\\/\",\"url\":\"https:\\\/\\\/baobaby.eu\\\/en\\\/delivery\\\/\",\"name\":\"Delivery - Baobaby\",\"isPartOf\":{\"@id\":\"https:\\\/\\\/baobaby.eu\\\/en\\\/#website\"},\"datePublished\":\"2025-06-14T11:20:02+00:00\",\"dateModified\":\"2025-10-03T07:20:24+00:00\",\"breadcrumb\":{\"@id\":\"https:\\\/\\\/baobaby.eu\\\/en\\\/delivery\\\/#breadcrumb\"},\"inLanguage\":\"en-US\",\"potentialAction\":[{\"@type\":\"ReadAction\",\"target\":[\"https:\\\/\\\/baobaby.eu\\\/en\\\/delivery\\\/\"]}]},{\"@type\":\"BreadcrumbList\",\"@id\":\"https:\\\/\\\/baobaby.eu\\\/en\\\/delivery\\\/#breadcrumb\",\"itemListElement\":[{\"@type\":\"ListItem\",\"position\":1,\"name\":\"Po\u010detna stranica\",\"item\":\"https:\\\/\\\/baobaby.eu\\\/en\\\/\"},{\"@type\":\"ListItem\",\"position\":2,\"name\":\"Delivery\"}]},{\"@type\":\"WebSite\",\"@id\":\"https:\\\/\\\/baobaby.eu\\\/en\\\/#website\",\"url\":\"https:\\\/\\\/baobaby.eu\\\/en\\\/\",\"name\":\"Baobaby\",\"description\":\"Ru\u010dno izra\u0111ena obu\u0107a za bebe i djecu\",\"publisher\":{\"@id\":\"https:\\\/\\\/baobaby.eu\\\/en\\\/#organization\"},\"potentialAction\":[{\"@type\":\"SearchAction\",\"target\":{\"@type\":\"EntryPoint\",\"urlTemplate\":\"https:\\\/\\\/baobaby.eu\\\/en\\\/?s={search_term_string}\"},\"query-input\":{\"@type\":\"PropertyValueSpecification\",\"valueRequired\":true,\"valueName\":\"search_term_string\"}}],\"inLanguage\":\"en-US\"},{\"@type\":\"Organization\",\"@id\":\"https:\\\/\\\/baobaby.eu\\\/en\\\/#organization\",\"name\":\"Baobaby\",\"url\":\"https:\\\/\\\/baobaby.eu\\\/en\\\/\",\"logo\":{\"@type\":\"ImageObject\",\"inLanguage\":\"en-US\",\"@id\":\"https:\\\/\\\/baobaby.eu\\\/en\\\/#\\\/schema\\\/logo\\\/image\\\/\",\"url\":\"https:\\\/\\\/baobaby.eu\\\/wp-content\\\/uploads\\\/2025\\\/06\\\/logo_baobaby-x-1.png\",\"contentUrl\":\"https:\\\/\\\/baobaby.eu\\\/wp-content\\\/uploads\\\/2025\\\/06\\\/logo_baobaby-x-1.png\",\"width\":501,\"height\":152,\"caption\":\"Baobaby\"},\"image\":{\"@id\":\"https:\\\/\\\/baobaby.eu\\\/en\\\/#\\\/schema\\\/logo\\\/image\\\/\"}}]}<\/script>\n<!-- \/ Yoast SEO Premium plugin. -->","yoast_head_json":{"title":"Delivery - Baobaby","robots":{"index":"index","follow":"follow","max-snippet":"max-snippet:-1","max-image-preview":"max-image-preview:large","max-video-preview":"max-video-preview:-1"},"canonical":"https:\/\/baobaby.eu\/en\/delivery\/","og_locale":"en_US","og_type":"article","og_title":"Delivery","og_description":"Shipments are always sent by delivery service, personal pickup is not possible. The shipping price is not included in the product price and is separately stated in the online purchase [&hellip;]","og_url":"https:\/\/baobaby.eu\/en\/delivery\/","og_site_name":"Baobaby","article_modified_time":"2025-10-03T07:20:24+00:00","twitter_card":"summary_large_image","twitter_misc":{"Est. reading time":"1 minute"},"schema":{"@context":"https:\/\/schema.org","@graph":[{"@type":"WebPage","@id":"https:\/\/baobaby.eu\/en\/delivery\/","url":"https:\/\/baobaby.eu\/en\/delivery\/","name":"Delivery - Baobaby","isPartOf":{"@id":"https:\/\/baobaby.eu\/en\/#website"},"datePublished":"2025-06-14T11:20:02+00:00","dateModified":"2025-10-03T07:20:24+00:00","breadcrumb":{"@id":"https:\/\/baobaby.eu\/en\/delivery\/#breadcrumb"},"inLanguage":"en-US","potentialAction":[{"@type":"ReadAction","target":["https:\/\/baobaby.eu\/en\/delivery\/"]}]},{"@type":"BreadcrumbList","@id":"https:\/\/baobaby.eu\/en\/delivery\/#breadcrumb","itemListElement":[{"@type":"ListItem","position":1,"name":"Po\u010detna stranica","item":"https:\/\/baobaby.eu\/en\/"},{"@type":"ListItem","position":2,"name":"Delivery"}]},{"@type":"WebSite","@id":"https:\/\/baobaby.eu\/en\/#website","url":"https:\/\/baobaby.eu\/en\/","name":"Baobaby","description":"Ru\u010dno izra\u0111ena obu\u0107a za bebe i djecu","publisher":{"@id":"https:\/\/baobaby.eu\/en\/#organization"},"potentialAction":[{"@type":"SearchAction","target":{"@type":"EntryPoint","urlTemplate":"https:\/\/baobaby.eu\/en\/?s={search_term_string}"},"query-input":{"@type":"PropertyValueSpecification","valueRequired":true,"valueName":"search_term_string"}}],"inLanguage":"en-US"},{"@type":"Organization","@id":"https:\/\/baobaby.eu\/en\/#organization","name":"Baobaby","url":"https:\/\/baobaby.eu\/en\/","logo":{"@type":"ImageObject","inLanguage":"en-US","@id":"https:\/\/baobaby.eu\/en\/#\/schema\/logo\/image\/","url":"https:\/\/baobaby.eu\/wp-content\/uploads\/2025\/06\/logo_baobaby-x-1.png","contentUrl":"https:\/\/baobaby.eu\/wp-content\/uploads\/2025\/06\/logo_baobaby-x-1.png","width":501,"height":152,"caption":"Baobaby"},"image":{"@id":"https:\/\/baobaby.eu\/en\/#\/schema\/logo\/image\/"}}]}},"_links":{"self":[{"href":"https:\/\/baobaby.eu\/en\/wp-json\/wp\/v2\/pages\/6369","targetHints":{"allow":["GET"]}}],"collection":[{"href":"https:\/\/baobaby.eu\/en\/wp-json\/wp\/v2\/pages"}],"about":[{"href":"https:\/\/baobaby.eu\/en\/wp-json\/wp\/v2\/types\/page"}],"author":[{"embeddable":true,"href":"https:\/\/baobaby.eu\/en\/wp-json\/wp\/v2\/users\/1"}],"replies":[{"embeddable":true,"href":"https:\/\/baobaby.eu\/en\/wp-json\/wp\/v2\/comments?post=6369"}],"version-history":[{"count":0,"href":"https:\/\/baobaby.eu\/en\/wp-json\/wp\/v2\/pages\/6369\/revisions"}],"wp:attachment":[{"href":"https:\/\/baobaby.eu\/en\/wp-json\/wp\/v2\/media?parent=6369"}],"curies":[{"name":"wp","href":"https:\/\/api.w.org\/{rel}","templated":true}]}}