{"id":6988,"date":"2022-10-05T09:52:10","date_gmt":"2022-10-05T07:52:10","guid":{"rendered":"https:\/\/baobaby.eu\/product\/baobaby-soft-childrens-shoes-piruetice-powder\/"},"modified":"2026-04-15T15:18:52","modified_gmt":"2026-04-15T13:18:52","slug":"baobaby-soft-childrens-shoes-piruetice-powder","status":"publish","type":"product","link":"https:\/\/baobaby.eu\/en\/product\/baobaby-soft-childrens-shoes-piruetice-powder\/","title":{"rendered":"Baobaby soft baby shoes, Piruetice powder"},"content":{"rendered":"<p>Extremely soft and flexible Baobaby insoles support the natural development of the foot. They allow freedom of movement, encourage learning to crawl, stand and take the first steps. By wearing Baobaby insoles, your child develops a better sense of balance and strengthens the foot muscles. Orthopedists recommend walking barefoot for children.   <\/p>\n<p>For indoor use or outdoor use in dry conditions.<\/p>\n<p>Designed and manufactured in Croatia, EU.<\/p>\n<p>The color and texture of vegetable tanned leather may differ from the image.<\/p>\n","protected":false},"excerpt":{"rendered":"<p>Adorable bow-tie shoes for your little girls. Super comfortable, ideal for crawling, first steps and children up to 3 years old. Soft soles support natural foot development and barefoot walking. Made of premium vegetable-tanned genuine leather, safe for children&#8217;s bare feet. Timeless design will complement any outfit.    <\/p>\n<p>\u00a9 anti-slip sole<br \/>\n \u00a9 easy to put on and stay on feet<br \/>\n \u00a9 soft and flexible<br \/>\n \u00a9 breathable and suitable for people prone to allergies<br \/>\n \u00a9 chrome-free<br \/>\n \u00a9 exceptional durability<br \/>\n \u00a9 handmade in the EU<\/p>\n","protected":false},"featured_media":9130,"template":"","meta":{"_acf_changed":false},"product_brand":[],"product_cat":[324,219,229,325,226],"product_tag":[],"class_list":{"0":"post-6988","1":"product","2":"type-product","3":"status-publish","4":"has-post-thumbnail","6":"product_cat-baobaby","7":"product_cat-odjeca_i_obuca","8":"product_cat-piruetice","9":"product_cat-piruetice-2","10":"product_cat-pokloni","11":"pa_boja-bez","12":"pa_brand-baobaby","13":"pa_omiljeno-omiljeno-djevojcicama","15":"first","16":"instock","17":"purchasable","18":"product-type-variable","19":"wvs-archive-product-wrapper"},"acf":[],"yoast_head":"<!-- This site is optimized with the Yoast SEO Premium plugin v21.5 (Yoast SEO v27.4) - https:\/\/yoast.com\/product\/yoast-seo-premium-wordpress\/ -->\n<title>Baobaby soft baby shoes, Piruetice powder - Baobaby<\/title>\n<meta name=\"robots\" content=\"index, follow, max-snippet:-1, max-image-preview:large, max-video-preview:-1\" \/>\n<link rel=\"canonical\" href=\"https:\/\/baobaby.eu\/en\/product\/baobaby-soft-childrens-shoes-piruetice-powder\/\" \/>\n<meta property=\"og:locale\" content=\"en_US\" \/>\n<meta property=\"og:type\" content=\"article\" \/>\n<meta property=\"og:title\" content=\"Baobaby soft baby shoes, Piruetice powder\" \/>\n<meta property=\"og:description\" content=\"Adorable bow-tie shoes for your little girls. Super comfortable, ideal for crawling, first steps and children up to 3 years old. Soft soles support natural foot development and barefoot walking. Made of premium vegetable-tanned genuine leather, safe for children&#039;s bare feet. Timeless design will complement any outfit.   \u00a9 anti-slip sole \u00a9 easy to put on and stay on feet \u00a9 soft and flexible \u00a9 breathable and suitable for people prone to allergies \u00a9 chrome-free \u00a9 exceptional durability \u00a9 handmade in the EU\" \/>\n<meta property=\"og:url\" content=\"https:\/\/baobaby.eu\/en\/product\/baobaby-soft-childrens-shoes-piruetice-powder\/\" \/>\n<meta property=\"og:site_name\" content=\"Baobaby\" \/>\n<meta property=\"article:modified_time\" content=\"2026-04-15T13:18:52+00:00\" \/>\n<meta property=\"og:image\" content=\"https:\/\/baobaby.eu\/wp-content\/uploads\/2026\/02\/312-Baobaby-soft-sole-baby-shoes-Pirouette-powder-1-1.jpg\" \/>\n\t<meta property=\"og:image:width\" content=\"1200\" \/>\n\t<meta property=\"og:image:height\" content=\"1313\" \/>\n\t<meta property=\"og:image:type\" content=\"image\/jpeg\" \/>\n<meta name=\"twitter:card\" content=\"summary_large_image\" \/>\n<script type=\"application\/ld+json\" class=\"yoast-schema-graph\">{\"@context\":\"https:\\\/\\\/schema.org\",\"@graph\":[{\"@type\":\"WebPage\",\"@id\":\"https:\\\/\\\/baobaby.eu\\\/en\\\/product\\\/baobaby-soft-childrens-shoes-piruetice-powder\\\/\",\"url\":\"https:\\\/\\\/baobaby.eu\\\/en\\\/product\\\/baobaby-soft-childrens-shoes-piruetice-powder\\\/\",\"name\":\"Baobaby soft baby shoes, Piruetice powder - Baobaby\",\"isPartOf\":{\"@id\":\"https:\\\/\\\/baobaby.eu\\\/en\\\/#website\"},\"primaryImageOfPage\":{\"@id\":\"https:\\\/\\\/baobaby.eu\\\/en\\\/product\\\/baobaby-soft-childrens-shoes-piruetice-powder\\\/#primaryimage\"},\"image\":{\"@id\":\"https:\\\/\\\/baobaby.eu\\\/en\\\/product\\\/baobaby-soft-childrens-shoes-piruetice-powder\\\/#primaryimage\"},\"thumbnailUrl\":\"https:\\\/\\\/baobaby.eu\\\/wp-content\\\/uploads\\\/2026\\\/02\\\/312-Baobaby-soft-sole-baby-shoes-Pirouette-powder-1-1.jpg\",\"datePublished\":\"2022-10-05T07:52:10+00:00\",\"dateModified\":\"2026-04-15T13:18:52+00:00\",\"breadcrumb\":{\"@id\":\"https:\\\/\\\/baobaby.eu\\\/en\\\/product\\\/baobaby-soft-childrens-shoes-piruetice-powder\\\/#breadcrumb\"},\"inLanguage\":\"en-US\",\"potentialAction\":[{\"@type\":\"ReadAction\",\"target\":[\"https:\\\/\\\/baobaby.eu\\\/en\\\/product\\\/baobaby-soft-childrens-shoes-piruetice-powder\\\/\"]}]},{\"@type\":\"ImageObject\",\"inLanguage\":\"en-US\",\"@id\":\"https:\\\/\\\/baobaby.eu\\\/en\\\/product\\\/baobaby-soft-childrens-shoes-piruetice-powder\\\/#primaryimage\",\"url\":\"https:\\\/\\\/baobaby.eu\\\/wp-content\\\/uploads\\\/2026\\\/02\\\/312-Baobaby-soft-sole-baby-shoes-Pirouette-powder-1-1.jpg\",\"contentUrl\":\"https:\\\/\\\/baobaby.eu\\\/wp-content\\\/uploads\\\/2026\\\/02\\\/312-Baobaby-soft-sole-baby-shoes-Pirouette-powder-1-1.jpg\",\"width\":1200,\"height\":1313},{\"@type\":\"BreadcrumbList\",\"@id\":\"https:\\\/\\\/baobaby.eu\\\/en\\\/product\\\/baobaby-soft-childrens-shoes-piruetice-powder\\\/#breadcrumb\",\"itemListElement\":[{\"@type\":\"ListItem\",\"position\":1,\"name\":\"Po\u010detna stranica\",\"item\":\"https:\\\/\\\/baobaby.eu\\\/en\\\/\"},{\"@type\":\"ListItem\",\"position\":2,\"name\":\"Shop\",\"item\":\"https:\\\/\\\/baobaby.fr\\\/trgovina\\\/\"},{\"@type\":\"ListItem\",\"position\":3,\"name\":\"Baobaby soft baby shoes, Piruetice powder\"}]},{\"@type\":\"WebSite\",\"@id\":\"https:\\\/\\\/baobaby.eu\\\/en\\\/#website\",\"url\":\"https:\\\/\\\/baobaby.eu\\\/en\\\/\",\"name\":\"Baobaby\",\"description\":\"Ru\u010dno izra\u0111ena obu\u0107a za bebe i djecu\",\"publisher\":{\"@id\":\"https:\\\/\\\/baobaby.eu\\\/en\\\/#organization\"},\"potentialAction\":[{\"@type\":\"SearchAction\",\"target\":{\"@type\":\"EntryPoint\",\"urlTemplate\":\"https:\\\/\\\/baobaby.eu\\\/en\\\/?s={search_term_string}\"},\"query-input\":{\"@type\":\"PropertyValueSpecification\",\"valueRequired\":true,\"valueName\":\"search_term_string\"}}],\"inLanguage\":\"en-US\"},{\"@type\":\"Organization\",\"@id\":\"https:\\\/\\\/baobaby.eu\\\/en\\\/#organization\",\"name\":\"Baobaby\",\"url\":\"https:\\\/\\\/baobaby.eu\\\/en\\\/\",\"logo\":{\"@type\":\"ImageObject\",\"inLanguage\":\"en-US\",\"@id\":\"https:\\\/\\\/baobaby.eu\\\/en\\\/#\\\/schema\\\/logo\\\/image\\\/\",\"url\":\"https:\\\/\\\/baobaby.eu\\\/wp-content\\\/uploads\\\/2025\\\/06\\\/logo_baobaby-x-1.png\",\"contentUrl\":\"https:\\\/\\\/baobaby.eu\\\/wp-content\\\/uploads\\\/2025\\\/06\\\/logo_baobaby-x-1.png\",\"width\":501,\"height\":152,\"caption\":\"Baobaby\"},\"image\":{\"@id\":\"https:\\\/\\\/baobaby.eu\\\/en\\\/#\\\/schema\\\/logo\\\/image\\\/\"}}]}<\/script>\n<!-- \/ Yoast SEO Premium plugin. -->","yoast_head_json":{"title":"Baobaby soft baby shoes, Piruetice powder - Baobaby","robots":{"index":"index","follow":"follow","max-snippet":"max-snippet:-1","max-image-preview":"max-image-preview:large","max-video-preview":"max-video-preview:-1"},"canonical":"https:\/\/baobaby.eu\/en\/product\/baobaby-soft-childrens-shoes-piruetice-powder\/","og_locale":"en_US","og_type":"article","og_title":"Baobaby soft baby shoes, Piruetice powder","og_description":"Adorable bow-tie shoes for your little girls. Super comfortable, ideal for crawling, first steps and children up to 3 years old. Soft soles support natural foot development and barefoot walking. Made of premium vegetable-tanned genuine leather, safe for children's bare feet. Timeless design will complement any outfit.   \u00a9 anti-slip sole \u00a9 easy to put on and stay on feet \u00a9 soft and flexible \u00a9 breathable and suitable for people prone to allergies \u00a9 chrome-free \u00a9 exceptional durability \u00a9 handmade in the EU","og_url":"https:\/\/baobaby.eu\/en\/product\/baobaby-soft-childrens-shoes-piruetice-powder\/","og_site_name":"Baobaby","article_modified_time":"2026-04-15T13:18:52+00:00","og_image":[{"width":1200,"height":1313,"url":"https:\/\/baobaby.eu\/wp-content\/uploads\/2026\/02\/312-Baobaby-soft-sole-baby-shoes-Pirouette-powder-1-1.jpg","type":"image\/jpeg"}],"twitter_card":"summary_large_image","schema":{"@context":"https:\/\/schema.org","@graph":[{"@type":"WebPage","@id":"https:\/\/baobaby.eu\/en\/product\/baobaby-soft-childrens-shoes-piruetice-powder\/","url":"https:\/\/baobaby.eu\/en\/product\/baobaby-soft-childrens-shoes-piruetice-powder\/","name":"Baobaby soft baby shoes, Piruetice powder - Baobaby","isPartOf":{"@id":"https:\/\/baobaby.eu\/en\/#website"},"primaryImageOfPage":{"@id":"https:\/\/baobaby.eu\/en\/product\/baobaby-soft-childrens-shoes-piruetice-powder\/#primaryimage"},"image":{"@id":"https:\/\/baobaby.eu\/en\/product\/baobaby-soft-childrens-shoes-piruetice-powder\/#primaryimage"},"thumbnailUrl":"https:\/\/baobaby.eu\/wp-content\/uploads\/2026\/02\/312-Baobaby-soft-sole-baby-shoes-Pirouette-powder-1-1.jpg","datePublished":"2022-10-05T07:52:10+00:00","dateModified":"2026-04-15T13:18:52+00:00","breadcrumb":{"@id":"https:\/\/baobaby.eu\/en\/product\/baobaby-soft-childrens-shoes-piruetice-powder\/#breadcrumb"},"inLanguage":"en-US","potentialAction":[{"@type":"ReadAction","target":["https:\/\/baobaby.eu\/en\/product\/baobaby-soft-childrens-shoes-piruetice-powder\/"]}]},{"@type":"ImageObject","inLanguage":"en-US","@id":"https:\/\/baobaby.eu\/en\/product\/baobaby-soft-childrens-shoes-piruetice-powder\/#primaryimage","url":"https:\/\/baobaby.eu\/wp-content\/uploads\/2026\/02\/312-Baobaby-soft-sole-baby-shoes-Pirouette-powder-1-1.jpg","contentUrl":"https:\/\/baobaby.eu\/wp-content\/uploads\/2026\/02\/312-Baobaby-soft-sole-baby-shoes-Pirouette-powder-1-1.jpg","width":1200,"height":1313},{"@type":"BreadcrumbList","@id":"https:\/\/baobaby.eu\/en\/product\/baobaby-soft-childrens-shoes-piruetice-powder\/#breadcrumb","itemListElement":[{"@type":"ListItem","position":1,"name":"Po\u010detna stranica","item":"https:\/\/baobaby.eu\/en\/"},{"@type":"ListItem","position":2,"name":"Shop","item":"https:\/\/baobaby.fr\/trgovina\/"},{"@type":"ListItem","position":3,"name":"Baobaby soft baby shoes, Piruetice powder"}]},{"@type":"WebSite","@id":"https:\/\/baobaby.eu\/en\/#website","url":"https:\/\/baobaby.eu\/en\/","name":"Baobaby","description":"Ru\u010dno izra\u0111ena obu\u0107a za bebe i djecu","publisher":{"@id":"https:\/\/baobaby.eu\/en\/#organization"},"potentialAction":[{"@type":"SearchAction","target":{"@type":"EntryPoint","urlTemplate":"https:\/\/baobaby.eu\/en\/?s={search_term_string}"},"query-input":{"@type":"PropertyValueSpecification","valueRequired":true,"valueName":"search_term_string"}}],"inLanguage":"en-US"},{"@type":"Organization","@id":"https:\/\/baobaby.eu\/en\/#organization","name":"Baobaby","url":"https:\/\/baobaby.eu\/en\/","logo":{"@type":"ImageObject","inLanguage":"en-US","@id":"https:\/\/baobaby.eu\/en\/#\/schema\/logo\/image\/","url":"https:\/\/baobaby.eu\/wp-content\/uploads\/2025\/06\/logo_baobaby-x-1.png","contentUrl":"https:\/\/baobaby.eu\/wp-content\/uploads\/2025\/06\/logo_baobaby-x-1.png","width":501,"height":152,"caption":"Baobaby"},"image":{"@id":"https:\/\/baobaby.eu\/en\/#\/schema\/logo\/image\/"}}]}},"_links":{"self":[{"href":"https:\/\/baobaby.eu\/en\/wp-json\/wp\/v2\/product\/6988","targetHints":{"allow":["GET"]}}],"collection":[{"href":"https:\/\/baobaby.eu\/en\/wp-json\/wp\/v2\/product"}],"about":[{"href":"https:\/\/baobaby.eu\/en\/wp-json\/wp\/v2\/types\/product"}],"wp:featuredmedia":[{"embeddable":true,"href":"https:\/\/baobaby.eu\/en\/wp-json\/wp\/v2\/media\/9130"}],"wp:attachment":[{"href":"https:\/\/baobaby.eu\/en\/wp-json\/wp\/v2\/media?parent=6988"}],"wp:term":[{"taxonomy":"product_brand","embeddable":true,"href":"https:\/\/baobaby.eu\/en\/wp-json\/wp\/v2\/product_brand?post=6988"},{"taxonomy":"product_cat","embeddable":true,"href":"https:\/\/baobaby.eu\/en\/wp-json\/wp\/v2\/product_cat?post=6988"},{"taxonomy":"product_tag","embeddable":true,"href":"https:\/\/baobaby.eu\/en\/wp-json\/wp\/v2\/product_tag?post=6988"}],"curies":[{"name":"wp","href":"https:\/\/api.w.org\/{rel}","templated":true}]}}