{"id":2759,"date":"2025-06-11T23:22:53","date_gmt":"2025-06-11T21:22:53","guid":{"rendered":"https:\/\/baobaby.eu\/o-nama\/"},"modified":"2025-06-18T14:35:04","modified_gmt":"2025-06-18T12:35:04","slug":"o-nas","status":"publish","type":"page","link":"https:\/\/baobaby.eu\/sl\/o-nas\/","title":{"rendered":"O nas"},"content":{"rendered":"\n<h2 class=\"wp-block-heading\">Varen objem svobodnega otro\u0161tva<\/h2>\n\n\n\n<p>Star\u0161i se najbolje po\u010dutijo, ko dr\u017eijo svojega otroka v varnem objemu. Vendar dojen\u010dki hitro rastejo in \u017eelijo raziskovati svet. Vloga star\u0161ev je ustvariti varno okolje in negovati vez, ki bo otroku vedno omogo\u010dala, da se po\u010duti varno in samozavestno na svojih nogah.<\/p>\n\n\n\n<p>Baobaby dru\u017einam ponuja naravne izdelke, katerih koristi bodo ob\u010dutili vsak dan. Spodbujamo aktiven na\u010din \u017eivljenja in \u017eelimo otrokom omogo\u010diti svobodno gibanje, razvijati njihovo ustvarjalnost ter spodbujati \u010dutila. Na\u0161a najve\u010dja nagrada je zadovoljstvo na\u0161ih uporabnikov. Ko nam star\u0161i sporo\u010dijo, da njihovi otroci u\u017eivajo v Baobaby izdelkih, vemo, da smo svoje delo opravili dobro.<\/p>\n\n\n<div class=\"wp-block-image\">\n<figure class=\"aligncenter size-large is-resized\"><img loading=\"lazy\" decoding=\"async\" width=\"1024\" height=\"1024\" src=\"https:\/\/baobaby.eu\/wp-content\/uploads\/2025\/06\/logo_baobaby-11-1024x1024.png\" alt=\"\" class=\"wp-image-1799\" style=\"object-fit:cover;width:300px;height:300px\" srcset=\"https:\/\/baobaby.eu\/wp-content\/uploads\/2025\/06\/logo_baobaby-11-1024x1024.png 1024w, https:\/\/baobaby.eu\/wp-content\/uploads\/2025\/06\/logo_baobaby-11-324x324.png 324w, https:\/\/baobaby.eu\/wp-content\/uploads\/2025\/06\/logo_baobaby-11-100x100.png 100w, https:\/\/baobaby.eu\/wp-content\/uploads\/2025\/06\/logo_baobaby-11-1200x1200.png 1200w, https:\/\/baobaby.eu\/wp-content\/uploads\/2025\/06\/logo_baobaby-11-300x300.png 300w, https:\/\/baobaby.eu\/wp-content\/uploads\/2025\/06\/logo_baobaby-11-150x150.png 150w, https:\/\/baobaby.eu\/wp-content\/uploads\/2025\/06\/logo_baobaby-11-768x768.png 768w, https:\/\/baobaby.eu\/wp-content\/uploads\/2025\/06\/logo_baobaby-11-1536x1536.png 1536w, https:\/\/baobaby.eu\/wp-content\/uploads\/2025\/06\/logo_baobaby-11-1440x1440.png 1440w, https:\/\/baobaby.eu\/wp-content\/uploads\/2025\/06\/logo_baobaby-11-420x420.png 420w, https:\/\/baobaby.eu\/wp-content\/uploads\/2025\/06\/logo_baobaby-11-50x50.png 50w, https:\/\/baobaby.eu\/wp-content\/uploads\/2025\/06\/logo_baobaby-11.png 1668w\" sizes=\"auto, (max-width: 1024px) 100vw, 1024px\" \/><\/figure>\n<\/div>\n\n\n<p><br>Z Baobaby izdelki izbirate ne\u017ene naravne materiale, vrhunsko rastlinsko strojeno usnje brez kroma, ki je varno za va\u0161o in otro\u0161ko ko\u017eo ter okolju prijazno. Na\u0161i izdelki so mehki, prilagojeni potrebam va\u0161ega otroka, omogo\u010dajo svobodno gibanje in nudijo pravo oporo.<\/p>\n\n\n<div class=\"wp-block-image\">\n<figure class=\"aligncenter size-large\"><img loading=\"lazy\" decoding=\"async\" width=\"1024\" height=\"1024\" src=\"https:\/\/baobaby.eu\/wp-content\/uploads\/2025\/06\/baobay-clothing-baobaby-1024x1024.jpg\" alt=\"\" class=\"wp-image-1806\" srcset=\"https:\/\/baobaby.eu\/wp-content\/uploads\/2025\/06\/baobay-clothing-baobaby-1024x1024.jpg 1024w, https:\/\/baobaby.eu\/wp-content\/uploads\/2025\/06\/baobay-clothing-baobaby-324x324.jpg 324w, https:\/\/baobaby.eu\/wp-content\/uploads\/2025\/06\/baobay-clothing-baobaby-100x100.jpg 100w, https:\/\/baobaby.eu\/wp-content\/uploads\/2025\/06\/baobay-clothing-baobaby-1200x1200.jpg 1200w, https:\/\/baobaby.eu\/wp-content\/uploads\/2025\/06\/baobay-clothing-baobaby-300x300.jpg 300w, https:\/\/baobaby.eu\/wp-content\/uploads\/2025\/06\/baobay-clothing-baobaby-150x150.jpg 150w, https:\/\/baobaby.eu\/wp-content\/uploads\/2025\/06\/baobay-clothing-baobaby-768x768.jpg 768w, https:\/\/baobaby.eu\/wp-content\/uploads\/2025\/06\/baobay-clothing-baobaby-1536x1536.jpg 1536w, https:\/\/baobaby.eu\/wp-content\/uploads\/2025\/06\/baobay-clothing-baobaby-1440x1440.jpg 1440w, https:\/\/baobaby.eu\/wp-content\/uploads\/2025\/06\/baobay-clothing-baobaby-420x420.jpg 420w, https:\/\/baobaby.eu\/wp-content\/uploads\/2025\/06\/baobay-clothing-baobaby-50x50.jpg 50w, https:\/\/baobaby.eu\/wp-content\/uploads\/2025\/06\/baobay-clothing-baobaby.jpg 1700w\" sizes=\"auto, (max-width: 1024px) 100vw, 1024px\" \/><\/figure>\n<\/div>\n\n\n<p><\/p>\n\n\n\n<figure class=\"wp-block-gallery aligncenter has-nested-images columns-2 is-cropped gallery-half margin-top wp-block-gallery-1 is-layout-flex wp-block-gallery-is-layout-flex\">\n<figure class=\"wp-block-image size-large\"><img loading=\"lazy\" decoding=\"async\" width=\"521\" height=\"522\" data-id=\"461\" src=\"https:\/\/baobaby.eu\/wp-content\/uploads\/2025\/06\/ikone-baobaby_HR-04.png\" alt=\"\" class=\"wp-image-461\" srcset=\"https:\/\/baobaby.eu\/wp-content\/uploads\/2025\/06\/ikone-baobaby_HR-04.png 521w, https:\/\/baobaby.eu\/wp-content\/uploads\/2025\/06\/ikone-baobaby_HR-04-324x324.png 324w, https:\/\/baobaby.eu\/wp-content\/uploads\/2025\/06\/ikone-baobaby_HR-04-100x100.png 100w, https:\/\/baobaby.eu\/wp-content\/uploads\/2025\/06\/ikone-baobaby_HR-04-300x300.png 300w, https:\/\/baobaby.eu\/wp-content\/uploads\/2025\/06\/ikone-baobaby_HR-04-150x150.png 150w, https:\/\/baobaby.eu\/wp-content\/uploads\/2025\/06\/ikone-baobaby_HR-04-420x421.png 420w, https:\/\/baobaby.eu\/wp-content\/uploads\/2025\/06\/ikone-baobaby_HR-04-50x50.png 50w\" sizes=\"auto, (max-width: 521px) 100vw, 521px\" \/><\/figure>\n\n\n\n<figure class=\"wp-block-image size-large\"><img loading=\"lazy\" decoding=\"async\" width=\"521\" height=\"522\" data-id=\"457\" src=\"https:\/\/baobaby.eu\/wp-content\/uploads\/2025\/06\/ikone-baobaby_HR-06.png\" alt=\"\" class=\"wp-image-457\" srcset=\"https:\/\/baobaby.eu\/wp-content\/uploads\/2025\/06\/ikone-baobaby_HR-06.png 521w, https:\/\/baobaby.eu\/wp-content\/uploads\/2025\/06\/ikone-baobaby_HR-06-324x324.png 324w, https:\/\/baobaby.eu\/wp-content\/uploads\/2025\/06\/ikone-baobaby_HR-06-100x100.png 100w, https:\/\/baobaby.eu\/wp-content\/uploads\/2025\/06\/ikone-baobaby_HR-06-300x300.png 300w, https:\/\/baobaby.eu\/wp-content\/uploads\/2025\/06\/ikone-baobaby_HR-06-150x150.png 150w, https:\/\/baobaby.eu\/wp-content\/uploads\/2025\/06\/ikone-baobaby_HR-06-420x421.png 420w, https:\/\/baobaby.eu\/wp-content\/uploads\/2025\/06\/ikone-baobaby_HR-06-50x50.png 50w\" sizes=\"auto, (max-width: 521px) 100vw, 521px\" \/><\/figure>\n<\/figure>\n\n\n\n<p>Verjamemo v lokalno proizvodnjo in si prizadevamo zmanj\u0161ati svoj transportni odtis \u2013 zato so na\u0161i izdelki izdelani na Hrva\u0161kem, v EU, kjer se tudi nahajamo.<\/p>\n\n\n\n<figure class=\"wp-block-gallery aligncenter has-nested-images columns-2 is-cropped gallery-half margin-top wp-block-gallery-2 is-layout-flex wp-block-gallery-is-layout-flex\">\n<figure class=\"wp-block-image size-large\"><img loading=\"lazy\" decoding=\"async\" width=\"522\" height=\"522\" data-id=\"464\" src=\"https:\/\/baobaby.eu\/wp-content\/uploads\/2025\/06\/ikone-baobaby_HR-01.png\" alt=\"\" class=\"wp-image-464\" srcset=\"https:\/\/baobaby.eu\/wp-content\/uploads\/2025\/06\/ikone-baobaby_HR-01.png 522w, https:\/\/baobaby.eu\/wp-content\/uploads\/2025\/06\/ikone-baobaby_HR-01-324x324.png 324w, https:\/\/baobaby.eu\/wp-content\/uploads\/2025\/06\/ikone-baobaby_HR-01-100x100.png 100w, https:\/\/baobaby.eu\/wp-content\/uploads\/2025\/06\/ikone-baobaby_HR-01-300x300.png 300w, https:\/\/baobaby.eu\/wp-content\/uploads\/2025\/06\/ikone-baobaby_HR-01-150x150.png 150w, https:\/\/baobaby.eu\/wp-content\/uploads\/2025\/06\/ikone-baobaby_HR-01-420x420.png 420w, https:\/\/baobaby.eu\/wp-content\/uploads\/2025\/06\/ikone-baobaby_HR-01-50x50.png 50w\" sizes=\"auto, (max-width: 522px) 100vw, 522px\" \/><\/figure>\n\n\n\n<figure class=\"wp-block-image size-large\"><img loading=\"lazy\" decoding=\"async\" width=\"522\" height=\"522\" data-id=\"466\" src=\"https:\/\/baobaby.eu\/wp-content\/uploads\/2025\/06\/ikone-baobaby_HR-02.png\" alt=\"\" class=\"wp-image-466\" srcset=\"https:\/\/baobaby.eu\/wp-content\/uploads\/2025\/06\/ikone-baobaby_HR-02.png 522w, https:\/\/baobaby.eu\/wp-content\/uploads\/2025\/06\/ikone-baobaby_HR-02-324x324.png 324w, https:\/\/baobaby.eu\/wp-content\/uploads\/2025\/06\/ikone-baobaby_HR-02-100x100.png 100w, https:\/\/baobaby.eu\/wp-content\/uploads\/2025\/06\/ikone-baobaby_HR-02-300x300.png 300w, https:\/\/baobaby.eu\/wp-content\/uploads\/2025\/06\/ikone-baobaby_HR-02-150x150.png 150w, https:\/\/baobaby.eu\/wp-content\/uploads\/2025\/06\/ikone-baobaby_HR-02-420x420.png 420w, https:\/\/baobaby.eu\/wp-content\/uploads\/2025\/06\/ikone-baobaby_HR-02-50x50.png 50w\" sizes=\"auto, (max-width: 522px) 100vw, 522px\" \/><\/figure>\n<\/figure>\n\n\n\n<p>Baobaby se z veseljem pridru\u017euje podjetjem, ki uporabljajo naravne in okolju prijazne materiale ter izdelujejo visokokakovostne in trajne izdelke, ki jih lahko otroci dolgo uporabljajo in nosijo.<\/p>\n\n\n\n<figure class=\"wp-block-gallery aligncenter has-nested-images columns-2 is-cropped gallery-half margin-top wp-block-gallery-3 is-layout-flex wp-block-gallery-is-layout-flex\">\n<figure class=\"wp-block-image size-large\"><img loading=\"lazy\" decoding=\"async\" width=\"522\" height=\"522\" data-id=\"458\" src=\"https:\/\/baobaby.eu\/wp-content\/uploads\/2025\/06\/ikone-baobaby_HR-05.png\" alt=\"\" class=\"wp-image-458\" srcset=\"https:\/\/baobaby.eu\/wp-content\/uploads\/2025\/06\/ikone-baobaby_HR-05.png 522w, https:\/\/baobaby.eu\/wp-content\/uploads\/2025\/06\/ikone-baobaby_HR-05-324x324.png 324w, https:\/\/baobaby.eu\/wp-content\/uploads\/2025\/06\/ikone-baobaby_HR-05-100x100.png 100w, https:\/\/baobaby.eu\/wp-content\/uploads\/2025\/06\/ikone-baobaby_HR-05-300x300.png 300w, https:\/\/baobaby.eu\/wp-content\/uploads\/2025\/06\/ikone-baobaby_HR-05-150x150.png 150w, https:\/\/baobaby.eu\/wp-content\/uploads\/2025\/06\/ikone-baobaby_HR-05-420x420.png 420w, https:\/\/baobaby.eu\/wp-content\/uploads\/2025\/06\/ikone-baobaby_HR-05-50x50.png 50w\" sizes=\"auto, (max-width: 522px) 100vw, 522px\" \/><\/figure>\n\n\n\n<figure class=\"wp-block-image size-large\"><img loading=\"lazy\" decoding=\"async\" width=\"522\" height=\"522\" data-id=\"462\" src=\"https:\/\/baobaby.eu\/wp-content\/uploads\/2025\/06\/ikone-baobaby_HR-03.png\" alt=\"\" class=\"wp-image-462\" srcset=\"https:\/\/baobaby.eu\/wp-content\/uploads\/2025\/06\/ikone-baobaby_HR-03.png 522w, https:\/\/baobaby.eu\/wp-content\/uploads\/2025\/06\/ikone-baobaby_HR-03-324x324.png 324w, https:\/\/baobaby.eu\/wp-content\/uploads\/2025\/06\/ikone-baobaby_HR-03-100x100.png 100w, https:\/\/baobaby.eu\/wp-content\/uploads\/2025\/06\/ikone-baobaby_HR-03-300x300.png 300w, https:\/\/baobaby.eu\/wp-content\/uploads\/2025\/06\/ikone-baobaby_HR-03-150x150.png 150w, https:\/\/baobaby.eu\/wp-content\/uploads\/2025\/06\/ikone-baobaby_HR-03-420x420.png 420w, https:\/\/baobaby.eu\/wp-content\/uploads\/2025\/06\/ikone-baobaby_HR-03-50x50.png 50w\" sizes=\"auto, (max-width: 522px) 100vw, 522px\" \/><\/figure>\n<\/figure>\n\n\n\n<p>Narava je na\u0161 glavni vir navdiha. Radi vklju\u010dujemo motive iz narave in majhna sporo\u010dila ljubezni in prijaznosti v na\u0161e oblikovanje. In predvsem, svojega dela imamo najraje takrat, ko otroci u\u017eivajo v na\u0161ih izdelkih.<\/p>\n","protected":false},"excerpt":{"rendered":"<p>Varen objem svobodnega otro\u0161tva Star\u0161i se najbolje po\u010dutijo, ko dr\u017eijo svojega otroka v varnem objemu. Vendar dojen\u010dki hitro rastejo in \u017eelijo raziskovati svet. Vloga star\u0161ev je ustvariti varno okolje in [&hellip;]<\/p>\n","protected":false},"author":1,"featured_media":0,"parent":0,"menu_order":0,"comment_status":"closed","ping_status":"closed","template":"templates\/page-landing.php","meta":{"_acf_changed":false,"footnotes":""},"class_list":["post-2759","page","type-page","status-publish","hentry"],"acf":[],"yoast_head":"<!-- This site is optimized with the Yoast SEO Premium plugin v21.5 (Yoast SEO v27.4) - https:\/\/yoast.com\/product\/yoast-seo-premium-wordpress\/ -->\n<title>O nas - Baobaby<\/title>\n<meta name=\"robots\" content=\"index, follow, max-snippet:-1, max-image-preview:large, max-video-preview:-1\" \/>\n<link rel=\"canonical\" href=\"https:\/\/baobaby.eu\/sl\/o-nas\/\" \/>\n<meta property=\"og:locale\" content=\"sl_SI\" \/>\n<meta property=\"og:type\" content=\"article\" \/>\n<meta property=\"og:title\" content=\"O nas\" \/>\n<meta property=\"og:description\" content=\"Varen objem svobodnega otro\u0161tva Star\u0161i se najbolje po\u010dutijo, ko dr\u017eijo svojega otroka v varnem objemu. Vendar dojen\u010dki hitro rastejo in \u017eelijo raziskovati svet. Vloga star\u0161ev je ustvariti varno okolje in [&hellip;]\" \/>\n<meta property=\"og:url\" content=\"https:\/\/baobaby.eu\/sl\/o-nas\/\" \/>\n<meta property=\"og:site_name\" content=\"Baobaby\" \/>\n<meta property=\"article:modified_time\" content=\"2025-06-18T12:35:04+00:00\" \/>\n<meta property=\"og:image\" content=\"https:\/\/baobaby.eu\/wp-content\/uploads\/2025\/06\/logo_baobaby-11.png\" \/>\n\t<meta property=\"og:image:width\" content=\"1668\" \/>\n\t<meta property=\"og:image:height\" content=\"1668\" \/>\n\t<meta property=\"og:image:type\" content=\"image\/png\" \/>\n<meta name=\"twitter:card\" content=\"summary_large_image\" \/>\n<meta name=\"twitter:label1\" content=\"Est. reading time\" \/>\n\t<meta name=\"twitter:data1\" content=\"3 minute\" \/>\n<script type=\"application\/ld+json\" class=\"yoast-schema-graph\">{\"@context\":\"https:\\\/\\\/schema.org\",\"@graph\":[{\"@type\":\"WebPage\",\"@id\":\"https:\\\/\\\/baobaby.eu\\\/sl\\\/o-nas\\\/\",\"url\":\"https:\\\/\\\/baobaby.eu\\\/sl\\\/o-nas\\\/\",\"name\":\"O nas - Baobaby\",\"isPartOf\":{\"@id\":\"https:\\\/\\\/baobaby.eu\\\/sl\\\/#website\"},\"primaryImageOfPage\":{\"@id\":\"https:\\\/\\\/baobaby.eu\\\/sl\\\/o-nas\\\/#primaryimage\"},\"image\":{\"@id\":\"https:\\\/\\\/baobaby.eu\\\/sl\\\/o-nas\\\/#primaryimage\"},\"thumbnailUrl\":\"https:\\\/\\\/baobaby.eu\\\/wp-content\\\/uploads\\\/2025\\\/06\\\/logo_baobaby-11-1024x1024.png\",\"datePublished\":\"2025-06-11T21:22:53+00:00\",\"dateModified\":\"2025-06-18T12:35:04+00:00\",\"breadcrumb\":{\"@id\":\"https:\\\/\\\/baobaby.eu\\\/sl\\\/o-nas\\\/#breadcrumb\"},\"inLanguage\":\"sl-SI\",\"potentialAction\":[{\"@type\":\"ReadAction\",\"target\":[\"https:\\\/\\\/baobaby.eu\\\/sl\\\/o-nas\\\/\"]}]},{\"@type\":\"ImageObject\",\"inLanguage\":\"sl-SI\",\"@id\":\"https:\\\/\\\/baobaby.eu\\\/sl\\\/o-nas\\\/#primaryimage\",\"url\":\"https:\\\/\\\/baobaby.eu\\\/wp-content\\\/uploads\\\/2025\\\/06\\\/logo_baobaby-11-1024x1024.png\",\"contentUrl\":\"https:\\\/\\\/baobaby.eu\\\/wp-content\\\/uploads\\\/2025\\\/06\\\/logo_baobaby-11-1024x1024.png\"},{\"@type\":\"BreadcrumbList\",\"@id\":\"https:\\\/\\\/baobaby.eu\\\/sl\\\/o-nas\\\/#breadcrumb\",\"itemListElement\":[{\"@type\":\"ListItem\",\"position\":1,\"name\":\"Po\u010detna stranica\",\"item\":\"https:\\\/\\\/baobaby.eu\\\/sl\\\/\"},{\"@type\":\"ListItem\",\"position\":2,\"name\":\"O nas\"}]},{\"@type\":\"WebSite\",\"@id\":\"https:\\\/\\\/baobaby.eu\\\/sl\\\/#website\",\"url\":\"https:\\\/\\\/baobaby.eu\\\/sl\\\/\",\"name\":\"Baobaby\",\"description\":\"Ru\u010dno izra\u0111ena obu\u0107a za bebe i djecu\",\"publisher\":{\"@id\":\"https:\\\/\\\/baobaby.eu\\\/sl\\\/#organization\"},\"potentialAction\":[{\"@type\":\"SearchAction\",\"target\":{\"@type\":\"EntryPoint\",\"urlTemplate\":\"https:\\\/\\\/baobaby.eu\\\/sl\\\/?s={search_term_string}\"},\"query-input\":{\"@type\":\"PropertyValueSpecification\",\"valueRequired\":true,\"valueName\":\"search_term_string\"}}],\"inLanguage\":\"sl-SI\"},{\"@type\":\"Organization\",\"@id\":\"https:\\\/\\\/baobaby.eu\\\/sl\\\/#organization\",\"name\":\"Baobaby\",\"url\":\"https:\\\/\\\/baobaby.eu\\\/sl\\\/\",\"logo\":{\"@type\":\"ImageObject\",\"inLanguage\":\"sl-SI\",\"@id\":\"https:\\\/\\\/baobaby.eu\\\/sl\\\/#\\\/schema\\\/logo\\\/image\\\/\",\"url\":\"https:\\\/\\\/baobaby.eu\\\/wp-content\\\/uploads\\\/2025\\\/06\\\/logo_baobaby-x-1.png\",\"contentUrl\":\"https:\\\/\\\/baobaby.eu\\\/wp-content\\\/uploads\\\/2025\\\/06\\\/logo_baobaby-x-1.png\",\"width\":501,\"height\":152,\"caption\":\"Baobaby\"},\"image\":{\"@id\":\"https:\\\/\\\/baobaby.eu\\\/sl\\\/#\\\/schema\\\/logo\\\/image\\\/\"}}]}<\/script>\n<!-- \/ Yoast SEO Premium plugin. -->","yoast_head_json":{"title":"O nas - Baobaby","robots":{"index":"index","follow":"follow","max-snippet":"max-snippet:-1","max-image-preview":"max-image-preview:large","max-video-preview":"max-video-preview:-1"},"canonical":"https:\/\/baobaby.eu\/sl\/o-nas\/","og_locale":"sl_SI","og_type":"article","og_title":"O nas","og_description":"Varen objem svobodnega otro\u0161tva Star\u0161i se najbolje po\u010dutijo, ko dr\u017eijo svojega otroka v varnem objemu. Vendar dojen\u010dki hitro rastejo in \u017eelijo raziskovati svet. Vloga star\u0161ev je ustvariti varno okolje in [&hellip;]","og_url":"https:\/\/baobaby.eu\/sl\/o-nas\/","og_site_name":"Baobaby","article_modified_time":"2025-06-18T12:35:04+00:00","og_image":[{"width":1668,"height":1668,"url":"https:\/\/baobaby.eu\/wp-content\/uploads\/2025\/06\/logo_baobaby-11.png","type":"image\/png"}],"twitter_card":"summary_large_image","twitter_misc":{"Est. reading time":"3 minute"},"schema":{"@context":"https:\/\/schema.org","@graph":[{"@type":"WebPage","@id":"https:\/\/baobaby.eu\/sl\/o-nas\/","url":"https:\/\/baobaby.eu\/sl\/o-nas\/","name":"O nas - Baobaby","isPartOf":{"@id":"https:\/\/baobaby.eu\/sl\/#website"},"primaryImageOfPage":{"@id":"https:\/\/baobaby.eu\/sl\/o-nas\/#primaryimage"},"image":{"@id":"https:\/\/baobaby.eu\/sl\/o-nas\/#primaryimage"},"thumbnailUrl":"https:\/\/baobaby.eu\/wp-content\/uploads\/2025\/06\/logo_baobaby-11-1024x1024.png","datePublished":"2025-06-11T21:22:53+00:00","dateModified":"2025-06-18T12:35:04+00:00","breadcrumb":{"@id":"https:\/\/baobaby.eu\/sl\/o-nas\/#breadcrumb"},"inLanguage":"sl-SI","potentialAction":[{"@type":"ReadAction","target":["https:\/\/baobaby.eu\/sl\/o-nas\/"]}]},{"@type":"ImageObject","inLanguage":"sl-SI","@id":"https:\/\/baobaby.eu\/sl\/o-nas\/#primaryimage","url":"https:\/\/baobaby.eu\/wp-content\/uploads\/2025\/06\/logo_baobaby-11-1024x1024.png","contentUrl":"https:\/\/baobaby.eu\/wp-content\/uploads\/2025\/06\/logo_baobaby-11-1024x1024.png"},{"@type":"BreadcrumbList","@id":"https:\/\/baobaby.eu\/sl\/o-nas\/#breadcrumb","itemListElement":[{"@type":"ListItem","position":1,"name":"Po\u010detna stranica","item":"https:\/\/baobaby.eu\/sl\/"},{"@type":"ListItem","position":2,"name":"O nas"}]},{"@type":"WebSite","@id":"https:\/\/baobaby.eu\/sl\/#website","url":"https:\/\/baobaby.eu\/sl\/","name":"Baobaby","description":"Ru\u010dno izra\u0111ena obu\u0107a za bebe i djecu","publisher":{"@id":"https:\/\/baobaby.eu\/sl\/#organization"},"potentialAction":[{"@type":"SearchAction","target":{"@type":"EntryPoint","urlTemplate":"https:\/\/baobaby.eu\/sl\/?s={search_term_string}"},"query-input":{"@type":"PropertyValueSpecification","valueRequired":true,"valueName":"search_term_string"}}],"inLanguage":"sl-SI"},{"@type":"Organization","@id":"https:\/\/baobaby.eu\/sl\/#organization","name":"Baobaby","url":"https:\/\/baobaby.eu\/sl\/","logo":{"@type":"ImageObject","inLanguage":"sl-SI","@id":"https:\/\/baobaby.eu\/sl\/#\/schema\/logo\/image\/","url":"https:\/\/baobaby.eu\/wp-content\/uploads\/2025\/06\/logo_baobaby-x-1.png","contentUrl":"https:\/\/baobaby.eu\/wp-content\/uploads\/2025\/06\/logo_baobaby-x-1.png","width":501,"height":152,"caption":"Baobaby"},"image":{"@id":"https:\/\/baobaby.eu\/sl\/#\/schema\/logo\/image\/"}}]}},"_links":{"self":[{"href":"https:\/\/baobaby.eu\/sl\/wp-json\/wp\/v2\/pages\/2759","targetHints":{"allow":["GET"]}}],"collection":[{"href":"https:\/\/baobaby.eu\/sl\/wp-json\/wp\/v2\/pages"}],"about":[{"href":"https:\/\/baobaby.eu\/sl\/wp-json\/wp\/v2\/types\/page"}],"author":[{"embeddable":true,"href":"https:\/\/baobaby.eu\/sl\/wp-json\/wp\/v2\/users\/1"}],"replies":[{"embeddable":true,"href":"https:\/\/baobaby.eu\/sl\/wp-json\/wp\/v2\/comments?post=2759"}],"version-history":[{"count":0,"href":"https:\/\/baobaby.eu\/sl\/wp-json\/wp\/v2\/pages\/2759\/revisions"}],"wp:attachment":[{"href":"https:\/\/baobaby.eu\/sl\/wp-json\/wp\/v2\/media?parent=2759"}],"curies":[{"name":"wp","href":"https:\/\/api.w.org\/{rel}","templated":true}]}}