{"id":6373,"date":"2025-06-14T13:20:02","date_gmt":"2025-06-14T11:20:02","guid":{"rendered":"https:\/\/baobaby.eu\/dostava\/"},"modified":"2025-10-03T09:21:08","modified_gmt":"2025-10-03T07:21:08","slug":"dostava","status":"publish","type":"page","link":"https:\/\/baobaby.eu\/sl\/dostava\/","title":{"rendered":"Dostava"},"content":{"rendered":"\n<p>Po\u0161iljke vedno po\u0161iljamo z dostavno slu\u017ebo, osebni prevzem ni mogo\u010d.<br\/> Cena dostave ni vklju\u010dena v ceno izdelka in je lo\u010deno navedena v postopku spletnega nakupa.<\/p>\n\n<p>Stro\u0161ki dostave se obra\u010dunajo kot fiksen znesek ne glede na koli\u010dino naro\u010denih izdelkov.<\/p>\n\n<p>Dr\u017eave, v katere je mo\u017ena dostava, in cena dostave na naro\u010dilo:<\/p>\n\n<figure class=\"wp-block-table\"><table class=\"has-fixed-layout\"><thead><tr><th>Lokacija<\/th><th>Cena (HRK)<\/th><th>Cena (EUR)<\/th><\/tr><\/thead><tbody><tr><td>Hrva\u0161ka (HR)<\/td><td>30,14<\/td><td>4,00<\/td><\/tr><tr><td>Slovenija (SI)<\/td><td>37,67<\/td><td>5,00<\/td><\/tr><tr><td>Avstrija (AT), Bolgarija (BG), \u010ce\u0161ka (CZ), Nem\u010dija (DE), Slova\u0161ka (SK)<\/td><td>75,35<\/td><td>10,00<\/td><\/tr><tr><td>Belgija (BE), Danska (DK), Estonija (EE), Francija (FR), \u0160panija (ES), Gr\u010dija (GR), Irska (IE), Latvija (LV), Litva (LT), Luksemburg (LU), Nizozemska (NL), Poljska (PL), Romunija (RO), \u0160vedska (SE)<\/td><td>113,02<\/td><td>15,00<\/td><\/tr><\/tbody><tfoot><tr><td>Lokacija<\/td><td>Cena (HRK)<\/td><td>Cena (EUR)<\/td><\/tr><\/tfoot><\/table><\/figure>\n\n<p>Po prejemu va\u0161ega naro\u010dila traja 1 do 2 delovna dneva, da se blago odpo\u0161lje iz na\u0161ega skladi\u0161\u010da za dostavo.<\/p>\n\n<p>Pribli\u017eni dobavni roki od trenutka, ko je po\u0161iljka izro\u010dena za dostavo:<\/p>\n\n<ul class=\"wp-block-list\">\n<li>Hrva\u0161ka: 1 do 5 delovnih dni<\/li>\n\n\n\n<li>Slovenija: 1 do 2 delovna dneva<\/li>\n\n\n\n<li>Mad\u017earska: 1 do 3 delovni dnevi<\/li>\n\n\n\n<li>Avstrija, \u010ce\u0161ka, Slova\u0161ka, Nem\u010dija, Luksemburg, Nizozemska, Poljska, Romunija: 4 do 5 delovnih dni<\/li>\n\n\n\n<li>Bolgarija, \u0160panija, Belgija, Danska, Estonija, Francija, Irska, Latvija, Litva, \u0160vedska: 6 do 7 delovnih dni<\/li>\n\n\n\n<li>Gr\u010dija: 7 do 8 delovnih dni<\/li>\n<\/ul>\n\n<p>Ob prevzemu po\u0161iljke obvezno preverite, ali je v dobrem stanju in nepo\u0161kodovana. V primeru, da je po\u0161iljka po\u0161kodovana, vam svetujemo, da to reklamirate dostavljalcu in morebiti zavrnete prevzem po\u0161iljke, saj je s pravo\u010dasno reakcijo veliko la\u017eje dose\u010di od\u0161kodnino za \u0161kodo.<\/p>\n","protected":false},"excerpt":{"rendered":"<p>Po\u0161iljke vedno po\u0161iljamo z dostavno slu\u017ebo, osebni prevzem ni mogo\u010d. Cena dostave ni vklju\u010dena v ceno izdelka in je lo\u010deno navedena v postopku spletnega nakupa. Stro\u0161ki dostave se obra\u010dunajo kot [&hellip;]<\/p>\n","protected":false},"author":1,"featured_media":0,"parent":0,"menu_order":0,"comment_status":"closed","ping_status":"closed","template":"templates\/page-landing.php","meta":{"_acf_changed":false,"footnotes":""},"class_list":["post-6373","page","type-page","status-publish","hentry"],"acf":[],"yoast_head":"<!-- This site is optimized with the Yoast SEO Premium plugin v21.5 (Yoast SEO v27.4) - https:\/\/yoast.com\/product\/yoast-seo-premium-wordpress\/ -->\n<title>Dostava - Baobaby<\/title>\n<meta name=\"robots\" content=\"index, follow, max-snippet:-1, max-image-preview:large, max-video-preview:-1\" \/>\n<link rel=\"canonical\" href=\"https:\/\/baobaby.eu\/sl\/dostava\/\" \/>\n<meta property=\"og:locale\" content=\"sl_SI\" \/>\n<meta property=\"og:type\" content=\"article\" \/>\n<meta property=\"og:title\" content=\"Dostava\" \/>\n<meta property=\"og:description\" content=\"Po\u0161iljke vedno po\u0161iljamo z dostavno slu\u017ebo, osebni prevzem ni mogo\u010d. Cena dostave ni vklju\u010dena v ceno izdelka in je lo\u010deno navedena v postopku spletnega nakupa. Stro\u0161ki dostave se obra\u010dunajo kot [&hellip;]\" \/>\n<meta property=\"og:url\" content=\"https:\/\/baobaby.eu\/sl\/dostava\/\" \/>\n<meta property=\"og:site_name\" content=\"Baobaby\" \/>\n<meta property=\"article:modified_time\" content=\"2025-10-03T07:21:08+00:00\" \/>\n<meta name=\"twitter:card\" content=\"summary_large_image\" \/>\n<meta name=\"twitter:label1\" content=\"Est. reading time\" \/>\n\t<meta name=\"twitter:data1\" content=\"1 minuta\" \/>\n<script type=\"application\/ld+json\" class=\"yoast-schema-graph\">{\"@context\":\"https:\\\/\\\/schema.org\",\"@graph\":[{\"@type\":\"WebPage\",\"@id\":\"https:\\\/\\\/baobaby.eu\\\/sl\\\/dostava\\\/\",\"url\":\"https:\\\/\\\/baobaby.eu\\\/sl\\\/dostava\\\/\",\"name\":\"Dostava - Baobaby\",\"isPartOf\":{\"@id\":\"https:\\\/\\\/baobaby.eu\\\/sl\\\/#website\"},\"datePublished\":\"2025-06-14T11:20:02+00:00\",\"dateModified\":\"2025-10-03T07:21:08+00:00\",\"breadcrumb\":{\"@id\":\"https:\\\/\\\/baobaby.eu\\\/sl\\\/dostava\\\/#breadcrumb\"},\"inLanguage\":\"sl-SI\",\"potentialAction\":[{\"@type\":\"ReadAction\",\"target\":[\"https:\\\/\\\/baobaby.eu\\\/sl\\\/dostava\\\/\"]}]},{\"@type\":\"BreadcrumbList\",\"@id\":\"https:\\\/\\\/baobaby.eu\\\/sl\\\/dostava\\\/#breadcrumb\",\"itemListElement\":[{\"@type\":\"ListItem\",\"position\":1,\"name\":\"Po\u010detna stranica\",\"item\":\"https:\\\/\\\/baobaby.eu\\\/sl\\\/\"},{\"@type\":\"ListItem\",\"position\":2,\"name\":\"Dostava\"}]},{\"@type\":\"WebSite\",\"@id\":\"https:\\\/\\\/baobaby.eu\\\/sl\\\/#website\",\"url\":\"https:\\\/\\\/baobaby.eu\\\/sl\\\/\",\"name\":\"Baobaby\",\"description\":\"Ru\u010dno izra\u0111ena obu\u0107a za bebe i djecu\",\"publisher\":{\"@id\":\"https:\\\/\\\/baobaby.eu\\\/sl\\\/#organization\"},\"potentialAction\":[{\"@type\":\"SearchAction\",\"target\":{\"@type\":\"EntryPoint\",\"urlTemplate\":\"https:\\\/\\\/baobaby.eu\\\/sl\\\/?s={search_term_string}\"},\"query-input\":{\"@type\":\"PropertyValueSpecification\",\"valueRequired\":true,\"valueName\":\"search_term_string\"}}],\"inLanguage\":\"sl-SI\"},{\"@type\":\"Organization\",\"@id\":\"https:\\\/\\\/baobaby.eu\\\/sl\\\/#organization\",\"name\":\"Baobaby\",\"url\":\"https:\\\/\\\/baobaby.eu\\\/sl\\\/\",\"logo\":{\"@type\":\"ImageObject\",\"inLanguage\":\"sl-SI\",\"@id\":\"https:\\\/\\\/baobaby.eu\\\/sl\\\/#\\\/schema\\\/logo\\\/image\\\/\",\"url\":\"https:\\\/\\\/baobaby.eu\\\/wp-content\\\/uploads\\\/2025\\\/06\\\/logo_baobaby-x-1.png\",\"contentUrl\":\"https:\\\/\\\/baobaby.eu\\\/wp-content\\\/uploads\\\/2025\\\/06\\\/logo_baobaby-x-1.png\",\"width\":501,\"height\":152,\"caption\":\"Baobaby\"},\"image\":{\"@id\":\"https:\\\/\\\/baobaby.eu\\\/sl\\\/#\\\/schema\\\/logo\\\/image\\\/\"}}]}<\/script>\n<!-- \/ Yoast SEO Premium plugin. -->","yoast_head_json":{"title":"Dostava - Baobaby","robots":{"index":"index","follow":"follow","max-snippet":"max-snippet:-1","max-image-preview":"max-image-preview:large","max-video-preview":"max-video-preview:-1"},"canonical":"https:\/\/baobaby.eu\/sl\/dostava\/","og_locale":"sl_SI","og_type":"article","og_title":"Dostava","og_description":"Po\u0161iljke vedno po\u0161iljamo z dostavno slu\u017ebo, osebni prevzem ni mogo\u010d. Cena dostave ni vklju\u010dena v ceno izdelka in je lo\u010deno navedena v postopku spletnega nakupa. Stro\u0161ki dostave se obra\u010dunajo kot [&hellip;]","og_url":"https:\/\/baobaby.eu\/sl\/dostava\/","og_site_name":"Baobaby","article_modified_time":"2025-10-03T07:21:08+00:00","twitter_card":"summary_large_image","twitter_misc":{"Est. reading time":"1 minuta"},"schema":{"@context":"https:\/\/schema.org","@graph":[{"@type":"WebPage","@id":"https:\/\/baobaby.eu\/sl\/dostava\/","url":"https:\/\/baobaby.eu\/sl\/dostava\/","name":"Dostava - Baobaby","isPartOf":{"@id":"https:\/\/baobaby.eu\/sl\/#website"},"datePublished":"2025-06-14T11:20:02+00:00","dateModified":"2025-10-03T07:21:08+00:00","breadcrumb":{"@id":"https:\/\/baobaby.eu\/sl\/dostava\/#breadcrumb"},"inLanguage":"sl-SI","potentialAction":[{"@type":"ReadAction","target":["https:\/\/baobaby.eu\/sl\/dostava\/"]}]},{"@type":"BreadcrumbList","@id":"https:\/\/baobaby.eu\/sl\/dostava\/#breadcrumb","itemListElement":[{"@type":"ListItem","position":1,"name":"Po\u010detna stranica","item":"https:\/\/baobaby.eu\/sl\/"},{"@type":"ListItem","position":2,"name":"Dostava"}]},{"@type":"WebSite","@id":"https:\/\/baobaby.eu\/sl\/#website","url":"https:\/\/baobaby.eu\/sl\/","name":"Baobaby","description":"Ru\u010dno izra\u0111ena obu\u0107a za bebe i djecu","publisher":{"@id":"https:\/\/baobaby.eu\/sl\/#organization"},"potentialAction":[{"@type":"SearchAction","target":{"@type":"EntryPoint","urlTemplate":"https:\/\/baobaby.eu\/sl\/?s={search_term_string}"},"query-input":{"@type":"PropertyValueSpecification","valueRequired":true,"valueName":"search_term_string"}}],"inLanguage":"sl-SI"},{"@type":"Organization","@id":"https:\/\/baobaby.eu\/sl\/#organization","name":"Baobaby","url":"https:\/\/baobaby.eu\/sl\/","logo":{"@type":"ImageObject","inLanguage":"sl-SI","@id":"https:\/\/baobaby.eu\/sl\/#\/schema\/logo\/image\/","url":"https:\/\/baobaby.eu\/wp-content\/uploads\/2025\/06\/logo_baobaby-x-1.png","contentUrl":"https:\/\/baobaby.eu\/wp-content\/uploads\/2025\/06\/logo_baobaby-x-1.png","width":501,"height":152,"caption":"Baobaby"},"image":{"@id":"https:\/\/baobaby.eu\/sl\/#\/schema\/logo\/image\/"}}]}},"_links":{"self":[{"href":"https:\/\/baobaby.eu\/sl\/wp-json\/wp\/v2\/pages\/6373","targetHints":{"allow":["GET"]}}],"collection":[{"href":"https:\/\/baobaby.eu\/sl\/wp-json\/wp\/v2\/pages"}],"about":[{"href":"https:\/\/baobaby.eu\/sl\/wp-json\/wp\/v2\/types\/page"}],"author":[{"embeddable":true,"href":"https:\/\/baobaby.eu\/sl\/wp-json\/wp\/v2\/users\/1"}],"replies":[{"embeddable":true,"href":"https:\/\/baobaby.eu\/sl\/wp-json\/wp\/v2\/comments?post=6373"}],"version-history":[{"count":0,"href":"https:\/\/baobaby.eu\/sl\/wp-json\/wp\/v2\/pages\/6373\/revisions"}],"wp:attachment":[{"href":"https:\/\/baobaby.eu\/sl\/wp-json\/wp\/v2\/media?parent=6373"}],"curies":[{"name":"wp","href":"https:\/\/api.w.org\/{rel}","templated":true}]}}