{"id":7307,"date":"2022-10-06T09:13:38","date_gmt":"2022-10-06T07:13:38","guid":{"rendered":"https:\/\/baobaby.eu\/product\/mehki-otroski-cevlji-baobaby-zvezdice-bele-barve\/"},"modified":"2026-04-16T15:23:15","modified_gmt":"2026-04-16T13:23:15","slug":"mehki-otroski-cevlji-baobaby-zvezdice-bele-barve","status":"publish","type":"product","link":"https:\/\/baobaby.eu\/sl\/izdelek\/mehki-otroski-cevlji-baobaby-zvezdice-bele-barve\/","title":{"rendered":"Mehki otro\u0161ki \u010devlji Baobaby, Zvezdice bele barve"},"content":{"rendered":"<p>Izjemno mehki in pro\u017eni \u010devlji Baobaby podpirajo naravni razvoj stopal. Omogo\u010dajo svobodo gibanja, spodbujajo u\u010denje plazenja, stanja in prvih korakov. Z \u010devlji Baobaby va\u0161 otrok razvije bolj\u0161i ob\u010dutek za ravnote\u017eje in krepi mi\u0161ice stopala. Ortopedi otrokom priporo\u010dajo boso hojo.   <\/p>\n<p>Za notranjo ali zunanjo uporabo v suhih pogojih.<\/p>\n<p>Oblikovano in izdelano na Hrva\u0161kem, EU.<\/p>\n<p>Barva in tekstura rastlinsko strojenega usnja se lahko razlikujeta od slike.<\/p>\n<p>OPOMBA: Velikost 2XS je opremljena z belim podplatom, druge velikosti pa s sivim podplatom<\/p>\n","protected":false},"excerpt":{"rendered":"<p>Super udobni otro\u0161ki \u010devlji idealni za plazenje, prve korake in otroke do 3 let. Mehki podplati podpirajo naravni razvoj stopala in boso hojo. Izdelana iz vrhunskega rastlinsko strojenega pravega usnja, varnega za otro\u0161ke bose noge. Zahvaljujo\u010d veselim luknjam v usnju tega modela so \u010devlji \u0161e bolj zra\u010dni in udobni! Idealen model za toplej\u0161e dni in ogrevane prostore.    <\/p>\n<p>\u00a9 protizdrsni podplat<br \/>\n \u00a9 enostavno obuvanje in ostajanje na nogah<br \/>\n \u00a9 mehko in pro\u017eno<br \/>\n \u00a9 zra\u010dno in primerno za ljudi, nagnjene k alergijam<br \/>\n \u00a9 brez kroma<br \/>\n \u00a9 izjemna vzdr\u017eljivost<br \/>\n \u00a9 ro\u010dno izdelano v EU<\/p>\n","protected":false},"featured_media":9190,"template":"","meta":{"_acf_changed":false},"product_brand":[],"product_cat":[237,240,257,219,256,255],"product_tag":[259],"class_list":{"0":"post-7307","1":"product","2":"type-product","3":"status-publish","4":"has-post-thumbnail","6":"product_cat-baobab","7":"product_cat-cevlji","8":"product_cat-darila","9":"product_cat-odjeca_i_obuca","10":"product_cat-sandali","11":"product_cat-sandalice-sl","12":"product_tag-poletje","13":"pa_brand-baobaby","15":"first","16":"instock","17":"purchasable","18":"product-type-variable","19":"wvs-archive-product-wrapper"},"acf":[],"yoast_head":"<!-- This site is optimized with the Yoast SEO Premium plugin v21.5 (Yoast SEO v27.4) - https:\/\/yoast.com\/product\/yoast-seo-premium-wordpress\/ -->\n<title>Mehki otro\u0161ki \u010devlji Baobaby, Zvezdice bele barve - Baobaby<\/title>\n<meta name=\"robots\" content=\"index, follow, max-snippet:-1, max-image-preview:large, max-video-preview:-1\" \/>\n<link rel=\"canonical\" href=\"https:\/\/baobaby.eu\/sl\/izdelek\/mehki-otroski-cevlji-baobaby-zvezdice-bele-barve\/\" \/>\n<meta property=\"og:locale\" content=\"sl_SI\" \/>\n<meta property=\"og:type\" content=\"article\" \/>\n<meta property=\"og:title\" content=\"Mehki otro\u0161ki \u010devlji Baobaby, Zvezdice bele barve\" \/>\n<meta property=\"og:description\" content=\"Super udobni otro\u0161ki \u010devlji idealni za plazenje, prve korake in otroke do 3 let. Mehki podplati podpirajo naravni razvoj stopala in boso hojo. Izdelana iz vrhunskega rastlinsko strojenega pravega usnja, varnega za otro\u0161ke bose noge. Zahvaljujo\u010d veselim luknjam v usnju tega modela so \u010devlji \u0161e bolj zra\u010dni in udobni! Idealen model za toplej\u0161e dni in ogrevane prostore.   \u00a9 protizdrsni podplat \u00a9 enostavno obuvanje in ostajanje na nogah \u00a9 mehko in pro\u017eno \u00a9 zra\u010dno in primerno za ljudi, nagnjene k alergijam \u00a9 brez kroma \u00a9 izjemna vzdr\u017eljivost \u00a9 ro\u010dno izdelano v EU\" \/>\n<meta property=\"og:url\" content=\"https:\/\/baobaby.eu\/sl\/izdelek\/mehki-otroski-cevlji-baobaby-zvezdice-bele-barve\/\" \/>\n<meta property=\"og:site_name\" content=\"Baobaby\" \/>\n<meta property=\"article:modified_time\" content=\"2026-04-16T13:23:15+00:00\" \/>\n<meta property=\"og:image\" content=\"https:\/\/baobaby.eu\/wp-content\/uploads\/2026\/02\/Baobaby-pelice-soft-sole-baby-shoes-stars-white-4-1-1.jpg\" \/>\n\t<meta property=\"og:image:width\" content=\"1000\" \/>\n\t<meta property=\"og:image:height\" content=\"1000\" \/>\n\t<meta property=\"og:image:type\" content=\"image\/jpeg\" \/>\n<meta name=\"twitter:card\" content=\"summary_large_image\" \/>\n<script type=\"application\/ld+json\" class=\"yoast-schema-graph\">{\"@context\":\"https:\\\/\\\/schema.org\",\"@graph\":[{\"@type\":\"WebPage\",\"@id\":\"https:\\\/\\\/baobaby.eu\\\/sl\\\/izdelek\\\/mehki-otroski-cevlji-baobaby-zvezdice-bele-barve\\\/\",\"url\":\"https:\\\/\\\/baobaby.eu\\\/sl\\\/izdelek\\\/mehki-otroski-cevlji-baobaby-zvezdice-bele-barve\\\/\",\"name\":\"Mehki otro\u0161ki \u010devlji Baobaby, Zvezdice bele barve - Baobaby\",\"isPartOf\":{\"@id\":\"https:\\\/\\\/baobaby.eu\\\/sl\\\/#website\"},\"primaryImageOfPage\":{\"@id\":\"https:\\\/\\\/baobaby.eu\\\/sl\\\/izdelek\\\/mehki-otroski-cevlji-baobaby-zvezdice-bele-barve\\\/#primaryimage\"},\"image\":{\"@id\":\"https:\\\/\\\/baobaby.eu\\\/sl\\\/izdelek\\\/mehki-otroski-cevlji-baobaby-zvezdice-bele-barve\\\/#primaryimage\"},\"thumbnailUrl\":\"https:\\\/\\\/baobaby.eu\\\/wp-content\\\/uploads\\\/2026\\\/02\\\/Baobaby-pelice-soft-sole-baby-shoes-stars-white-4-1-1.jpg\",\"datePublished\":\"2022-10-06T07:13:38+00:00\",\"dateModified\":\"2026-04-16T13:23:15+00:00\",\"breadcrumb\":{\"@id\":\"https:\\\/\\\/baobaby.eu\\\/sl\\\/izdelek\\\/mehki-otroski-cevlji-baobaby-zvezdice-bele-barve\\\/#breadcrumb\"},\"inLanguage\":\"sl-SI\",\"potentialAction\":[{\"@type\":\"ReadAction\",\"target\":[\"https:\\\/\\\/baobaby.eu\\\/sl\\\/izdelek\\\/mehki-otroski-cevlji-baobaby-zvezdice-bele-barve\\\/\"]}]},{\"@type\":\"ImageObject\",\"inLanguage\":\"sl-SI\",\"@id\":\"https:\\\/\\\/baobaby.eu\\\/sl\\\/izdelek\\\/mehki-otroski-cevlji-baobaby-zvezdice-bele-barve\\\/#primaryimage\",\"url\":\"https:\\\/\\\/baobaby.eu\\\/wp-content\\\/uploads\\\/2026\\\/02\\\/Baobaby-pelice-soft-sole-baby-shoes-stars-white-4-1-1.jpg\",\"contentUrl\":\"https:\\\/\\\/baobaby.eu\\\/wp-content\\\/uploads\\\/2026\\\/02\\\/Baobaby-pelice-soft-sole-baby-shoes-stars-white-4-1-1.jpg\",\"width\":1000,\"height\":1000},{\"@type\":\"BreadcrumbList\",\"@id\":\"https:\\\/\\\/baobaby.eu\\\/sl\\\/izdelek\\\/mehki-otroski-cevlji-baobaby-zvezdice-bele-barve\\\/#breadcrumb\",\"itemListElement\":[{\"@type\":\"ListItem\",\"position\":1,\"name\":\"Po\u010detna stranica\",\"item\":\"https:\\\/\\\/baobaby.eu\\\/sl\\\/\"},{\"@type\":\"ListItem\",\"position\":2,\"name\":\"Shop\",\"item\":\"https:\\\/\\\/baobaby.fr\\\/trgovina\\\/\"},{\"@type\":\"ListItem\",\"position\":3,\"name\":\"Mehki otro\u0161ki \u010devlji Baobaby, Zvezdice bele barve\"}]},{\"@type\":\"WebSite\",\"@id\":\"https:\\\/\\\/baobaby.eu\\\/sl\\\/#website\",\"url\":\"https:\\\/\\\/baobaby.eu\\\/sl\\\/\",\"name\":\"Baobaby\",\"description\":\"Ru\u010dno izra\u0111ena obu\u0107a za bebe i djecu\",\"publisher\":{\"@id\":\"https:\\\/\\\/baobaby.eu\\\/sl\\\/#organization\"},\"potentialAction\":[{\"@type\":\"SearchAction\",\"target\":{\"@type\":\"EntryPoint\",\"urlTemplate\":\"https:\\\/\\\/baobaby.eu\\\/sl\\\/?s={search_term_string}\"},\"query-input\":{\"@type\":\"PropertyValueSpecification\",\"valueRequired\":true,\"valueName\":\"search_term_string\"}}],\"inLanguage\":\"sl-SI\"},{\"@type\":\"Organization\",\"@id\":\"https:\\\/\\\/baobaby.eu\\\/sl\\\/#organization\",\"name\":\"Baobaby\",\"url\":\"https:\\\/\\\/baobaby.eu\\\/sl\\\/\",\"logo\":{\"@type\":\"ImageObject\",\"inLanguage\":\"sl-SI\",\"@id\":\"https:\\\/\\\/baobaby.eu\\\/sl\\\/#\\\/schema\\\/logo\\\/image\\\/\",\"url\":\"https:\\\/\\\/baobaby.eu\\\/wp-content\\\/uploads\\\/2025\\\/06\\\/logo_baobaby-x-1.png\",\"contentUrl\":\"https:\\\/\\\/baobaby.eu\\\/wp-content\\\/uploads\\\/2025\\\/06\\\/logo_baobaby-x-1.png\",\"width\":501,\"height\":152,\"caption\":\"Baobaby\"},\"image\":{\"@id\":\"https:\\\/\\\/baobaby.eu\\\/sl\\\/#\\\/schema\\\/logo\\\/image\\\/\"}}]}<\/script>\n<!-- \/ Yoast SEO Premium plugin. -->","yoast_head_json":{"title":"Mehki otro\u0161ki \u010devlji Baobaby, Zvezdice bele barve - Baobaby","robots":{"index":"index","follow":"follow","max-snippet":"max-snippet:-1","max-image-preview":"max-image-preview:large","max-video-preview":"max-video-preview:-1"},"canonical":"https:\/\/baobaby.eu\/sl\/izdelek\/mehki-otroski-cevlji-baobaby-zvezdice-bele-barve\/","og_locale":"sl_SI","og_type":"article","og_title":"Mehki otro\u0161ki \u010devlji Baobaby, Zvezdice bele barve","og_description":"Super udobni otro\u0161ki \u010devlji idealni za plazenje, prve korake in otroke do 3 let. Mehki podplati podpirajo naravni razvoj stopala in boso hojo. Izdelana iz vrhunskega rastlinsko strojenega pravega usnja, varnega za otro\u0161ke bose noge. Zahvaljujo\u010d veselim luknjam v usnju tega modela so \u010devlji \u0161e bolj zra\u010dni in udobni! Idealen model za toplej\u0161e dni in ogrevane prostore.   \u00a9 protizdrsni podplat \u00a9 enostavno obuvanje in ostajanje na nogah \u00a9 mehko in pro\u017eno \u00a9 zra\u010dno in primerno za ljudi, nagnjene k alergijam \u00a9 brez kroma \u00a9 izjemna vzdr\u017eljivost \u00a9 ro\u010dno izdelano v EU","og_url":"https:\/\/baobaby.eu\/sl\/izdelek\/mehki-otroski-cevlji-baobaby-zvezdice-bele-barve\/","og_site_name":"Baobaby","article_modified_time":"2026-04-16T13:23:15+00:00","og_image":[{"width":1000,"height":1000,"url":"https:\/\/baobaby.eu\/wp-content\/uploads\/2026\/02\/Baobaby-pelice-soft-sole-baby-shoes-stars-white-4-1-1.jpg","type":"image\/jpeg"}],"twitter_card":"summary_large_image","schema":{"@context":"https:\/\/schema.org","@graph":[{"@type":"WebPage","@id":"https:\/\/baobaby.eu\/sl\/izdelek\/mehki-otroski-cevlji-baobaby-zvezdice-bele-barve\/","url":"https:\/\/baobaby.eu\/sl\/izdelek\/mehki-otroski-cevlji-baobaby-zvezdice-bele-barve\/","name":"Mehki otro\u0161ki \u010devlji Baobaby, Zvezdice bele barve - Baobaby","isPartOf":{"@id":"https:\/\/baobaby.eu\/sl\/#website"},"primaryImageOfPage":{"@id":"https:\/\/baobaby.eu\/sl\/izdelek\/mehki-otroski-cevlji-baobaby-zvezdice-bele-barve\/#primaryimage"},"image":{"@id":"https:\/\/baobaby.eu\/sl\/izdelek\/mehki-otroski-cevlji-baobaby-zvezdice-bele-barve\/#primaryimage"},"thumbnailUrl":"https:\/\/baobaby.eu\/wp-content\/uploads\/2026\/02\/Baobaby-pelice-soft-sole-baby-shoes-stars-white-4-1-1.jpg","datePublished":"2022-10-06T07:13:38+00:00","dateModified":"2026-04-16T13:23:15+00:00","breadcrumb":{"@id":"https:\/\/baobaby.eu\/sl\/izdelek\/mehki-otroski-cevlji-baobaby-zvezdice-bele-barve\/#breadcrumb"},"inLanguage":"sl-SI","potentialAction":[{"@type":"ReadAction","target":["https:\/\/baobaby.eu\/sl\/izdelek\/mehki-otroski-cevlji-baobaby-zvezdice-bele-barve\/"]}]},{"@type":"ImageObject","inLanguage":"sl-SI","@id":"https:\/\/baobaby.eu\/sl\/izdelek\/mehki-otroski-cevlji-baobaby-zvezdice-bele-barve\/#primaryimage","url":"https:\/\/baobaby.eu\/wp-content\/uploads\/2026\/02\/Baobaby-pelice-soft-sole-baby-shoes-stars-white-4-1-1.jpg","contentUrl":"https:\/\/baobaby.eu\/wp-content\/uploads\/2026\/02\/Baobaby-pelice-soft-sole-baby-shoes-stars-white-4-1-1.jpg","width":1000,"height":1000},{"@type":"BreadcrumbList","@id":"https:\/\/baobaby.eu\/sl\/izdelek\/mehki-otroski-cevlji-baobaby-zvezdice-bele-barve\/#breadcrumb","itemListElement":[{"@type":"ListItem","position":1,"name":"Po\u010detna stranica","item":"https:\/\/baobaby.eu\/sl\/"},{"@type":"ListItem","position":2,"name":"Shop","item":"https:\/\/baobaby.fr\/trgovina\/"},{"@type":"ListItem","position":3,"name":"Mehki otro\u0161ki \u010devlji Baobaby, Zvezdice bele barve"}]},{"@type":"WebSite","@id":"https:\/\/baobaby.eu\/sl\/#website","url":"https:\/\/baobaby.eu\/sl\/","name":"Baobaby","description":"Ru\u010dno izra\u0111ena obu\u0107a za bebe i djecu","publisher":{"@id":"https:\/\/baobaby.eu\/sl\/#organization"},"potentialAction":[{"@type":"SearchAction","target":{"@type":"EntryPoint","urlTemplate":"https:\/\/baobaby.eu\/sl\/?s={search_term_string}"},"query-input":{"@type":"PropertyValueSpecification","valueRequired":true,"valueName":"search_term_string"}}],"inLanguage":"sl-SI"},{"@type":"Organization","@id":"https:\/\/baobaby.eu\/sl\/#organization","name":"Baobaby","url":"https:\/\/baobaby.eu\/sl\/","logo":{"@type":"ImageObject","inLanguage":"sl-SI","@id":"https:\/\/baobaby.eu\/sl\/#\/schema\/logo\/image\/","url":"https:\/\/baobaby.eu\/wp-content\/uploads\/2025\/06\/logo_baobaby-x-1.png","contentUrl":"https:\/\/baobaby.eu\/wp-content\/uploads\/2025\/06\/logo_baobaby-x-1.png","width":501,"height":152,"caption":"Baobaby"},"image":{"@id":"https:\/\/baobaby.eu\/sl\/#\/schema\/logo\/image\/"}}]}},"_links":{"self":[{"href":"https:\/\/baobaby.eu\/sl\/wp-json\/wp\/v2\/product\/7307","targetHints":{"allow":["GET"]}}],"collection":[{"href":"https:\/\/baobaby.eu\/sl\/wp-json\/wp\/v2\/product"}],"about":[{"href":"https:\/\/baobaby.eu\/sl\/wp-json\/wp\/v2\/types\/product"}],"wp:featuredmedia":[{"embeddable":true,"href":"https:\/\/baobaby.eu\/sl\/wp-json\/wp\/v2\/media\/9190"}],"wp:attachment":[{"href":"https:\/\/baobaby.eu\/sl\/wp-json\/wp\/v2\/media?parent=7307"}],"wp:term":[{"taxonomy":"product_brand","embeddable":true,"href":"https:\/\/baobaby.eu\/sl\/wp-json\/wp\/v2\/product_brand?post=7307"},{"taxonomy":"product_cat","embeddable":true,"href":"https:\/\/baobaby.eu\/sl\/wp-json\/wp\/v2\/product_cat?post=7307"},{"taxonomy":"product_tag","embeddable":true,"href":"https:\/\/baobaby.eu\/sl\/wp-json\/wp\/v2\/product_tag?post=7307"}],"curies":[{"name":"wp","href":"https:\/\/api.w.org\/{rel}","templated":true}]}}